{"id":272,"date":"2021-09-09T09:56:36","date_gmt":"2021-09-09T09:56:36","guid":{"rendered":"https:\/\/bonosvalencia.atic.green\/?page_id=272"},"modified":"2025-09-30T20:37:50","modified_gmt":"2025-09-30T18:37:50","slug":"adherix-el-teu-comerc","status":"publish","type":"page","link":"https:\/\/bonocomerciovlc.com\/va\/adherix-el-teu-comerc\/","title":{"rendered":"Adherix el teu comer\u00e7"},"content":{"rendered":"<p>[vc_row full_width=&#8221;stretch_row&#8221; equal_height=&#8221;yes&#8221; content_placement=&#8221;middle&#8221; el_class=&#8221;banner_compra_bono alta&#8221;][vc_column width=&#8221;1\/2&#8243;][vc_raw_html]JTNDcCUzRSUzQ3NwYW4lMjBjbGFzcyUzRCUyMmxpbmVhJTIyJTNFRE9OQSUyMEQlRTIlODAlOTlBTFRBJTIwRUwlMjBURVUlM0MlMkZzcGFuJTNFJTIwRVNUQUJMSU1FTlQlM0NzcGFuJTIwY2xhc3MlM0QlMjJkZXN0YWNhZG8lMjIlM0UlMjBGSU5TJTIwQUwlMjAzMCUyMERFJTIwU0VURU1CUkUlM0MlMkZzcGFuJTNFJTNDJTJGcCUzRSUwQSUzQ3AlMjBjbGFzcyUzRCUyMm1pbmklMjIlM0UlM0MlMkZwJTNFJTBBJTNDYSUyMGhyZWYlM0QlMjIlMjNhbHRhLWNvbWVyY2lvJTIyJTNFQ09NRU4lQzMlODdBUiUzQyUyRmElM0U=[\/vc_raw_html][vc_column_text]<\/p>\n<div style=\"vertical-align: middle;display:none\"><span style=\"vertical-align: middle;\">O fes-ho des del nostre WhatsApp <\/span><a style=\"background: none; padding: 0; vertical-align: middle;\" href=\"https:\/\/wa.me\/34650068931?text=Hola%2C%20me%20gustar%C3%ADa%20inscribirme%20como%20establecimiento.\" target=\"_blank\" rel=\"noopener\"> Created with Sketch. <\/a><\/div>\n<p>[\/vc_column_text][\/vc_column][vc_column width=&#8221;1\/2&#8243;][vc_single_image image=&#8221;864&#8243; img_size=&#8221;full&#8221; alignment=&#8221;right&#8221;][\/vc_column][\/vc_row][vc_row full_width=&#8221;stretch_row&#8221; css=&#8221;.vc_custom_1631009694177{background-color: #f1f1f1 !important;}&#8221; el_class=&#8221;puntos_consumidor alta&#8221;][vc_column width=&#8221;1\/2&#8243; el_class=&#8221;uno&#8221;][vc_column_text]<\/p>\n<h2>COMPLIR ELS REQUISITS <a href=\"https:\/\/bonocomerciovlc.com\/va\/informacio-per-al-comerciant\/\" target=\"_blank\" rel=\"noopener\">Vore requisits<\/a><\/h2>\n<p>[\/vc_column_text][\/vc_column][vc_column width=&#8221;1\/2&#8243; el_class=&#8221;dos&#8221;][vc_column_text]<\/p>\n<h2>OMPLIR FORMULARI <a href=\"#alta-comercio\" rel=\"noopener\">Comen\u00e7ar<\/a><\/h2>\n<p>[\/vc_column_text][\/vc_column][\/vc_row][vc_row el_class=&#8221;formulario&#8221; el_id=&#8221;alta-comercio&#8221;][vc_column width=&#8221;1\/6&#8243; css=&#8221;.vc_custom_1631009739164{padding-top: 0px !important;}&#8221;][\/vc_column][vc_column width=&#8221;2\/3&#8243; css=&#8221;.vc_custom_1631009742758{padding-top: 0px !important;}&#8221;][vc_row_inner][vc_column_inner][vc_column_text]<\/p>\n<h2 style=\"text-align: center;\">Dona d&#8217;alta el teu comer\u00e7<\/h2>\n<p>[\/vc_column_text][\/vc_column_inner][\/vc_row_inner][vc_row_inner el_class=&#8221;boton_contorno&#8221;][vc_column_inner][vc_column_text el_id=&#8221;boton_contorno&#8221;]<a href=\"https:\/\/bonocomerciovlc.com\/wp-content\/uploads\/2025\/07\/BASES-CAMPANA-BONOS-COMERCIO-VLC-2025.pdf\" target=\"_blank\" rel=\"noopener\">Bases reguladores <img decoding=\"async\" src=\"\/wp-content\/uploads\/2021\/08\/amarilla.svg\" \/><\/a>[\/vc_column_text][vc_column_text]<a href=\"https:\/\/bonocomerciovlc.com\/va\/informacio-per-al-comerciant\/\" target=\"_blank\" rel=\"noopener\">Informaci\u00f3 BO COMER\u00c7 VLC comerciant <img decoding=\"async\" src=\"\/wp-content\/uploads\/2021\/08\/amarilla.svg\" \/><\/a>[\/vc_column_text][vc_column_text]<a href=\"https:\/\/bonocomerciovlc.com\/wp-content\/uploads\/2025\/06\/Declaracion-responsable-comercio-s-olicitante-BONO-COMERCIO-VLC-25.pdf\" target=\"_blank\" rel=\"noopener\">Declaraci\u00f3 responsable del compliment de requisits<img decoding=\"async\" src=\"\/wp-content\/uploads\/2021\/08\/amarilla.svg\" \/><\/a>[\/vc_column_text][vc_column_text el_class=&#8221;descarga_cartel&#8221;]<a href=\"https:\/\/bonocomerciovlc.com\/wp-content\/uploads\/2025\/06\/CARTEL-COMERCIO-ADHERIDO-2025_VAL.pdf\" target=\"_blank\" rel=\"noopener\">Descarregar cartell informatiu per al teu comer\u00e7 <img decoding=\"async\" src=\"\/wp-content\/uploads\/2021\/08\/negra.svg\" \/><\/a>[\/vc_column_text][\/vc_column_inner][\/vc_row_inner][vc_column_text css=&#8221;.vc_custom_1656569777063{padding-right: 10px !important;padding-left: 10px !important;}&#8221;]*A causa de procediments interns de Caixa Popular, el TPV pot tardar fins a 4 dies a activar-se des de la validaci\u00f3 del comer\u00e7, perqu\u00e8 es puguen realitzar compres amb el bonocomerciovlc.[\/vc_column_text][vc_row_inner][vc_column_inner]<h1 style='text-align:center'>Plazo de inscripciones cerrado<\/h1>[\/vc_column_inner][\/vc_row_inner][\/vc_column][vc_column width=&#8221;1\/6&#8243; css=&#8221;.vc_custom_1631009747678{padding-top: 0px !important;}&#8221;][\/vc_column][\/vc_row]<\/p>\n","protected":false},"excerpt":{"rendered":"<p>[vc_row full_width=&#8221;stretch_row&#8221; equal_height=&#8221;yes&#8221; content_placement=&#8221;middle&#8221; el_class=&#8221;banner_compra_bono alta&#8221;][vc_column width=&#8221;1\/2&#8243;][vc_raw_html]JTNDcCUzRSUzQ3NwYW4lMjBjbGFzcyUzRCUyMmxpbmVhJTIyJTNFRE9OQSUyMEQlRTIlODAlOTlBTFRBJTIwRUwlMjBURVUlM0MlMkZzcGFuJTNFJTIwRVNUQUJMSU1FTlQlM0NzcGFuJTIwY2xhc3MlM0QlMjJkZXN0YWNhZG8lMjIlM0UlMjBGSU5TJTIwQUwlMjAzMCUyMERFJTIwU0VURU1CUkUlM0MlMkZzcGFuJTNFJTNDJTJGcCUzRSUwQSUzQ3AlMjBjbGFzcyUzRCUyMm1pbmklMjIlM0UlM0MlMkZwJTNFJTBBJTNDYSUyMGhyZWYlM0QlMjIlMjNhbHRhLWNvbWVyY2lvJTIyJTNFQ09NRU4lQzMlODdBUiUzQyUyRmElM0U=[\/vc_raw_html][vc_column_text] O fes-ho des del nostre WhatsApp Created with Sketch. [\/vc_column_text][\/vc_column][vc_column width=&#8221;1\/2&#8243;][vc_single_image image=&#8221;864&#8243; img_size=&#8221;full&#8221; alignment=&#8221;right&#8221;][\/vc_column][\/vc_row][vc_row full_width=&#8221;stretch_row&#8221; css=&#8221;.vc_custom_1631009694177{background-color: #f1f1f1 !important;}&#8221; el_class=&#8221;puntos_consumidor alta&#8221;][vc_column width=&#8221;1\/2&#8243; el_class=&#8221;uno&#8221;][vc_column_text] COMPLIR ELS REQUISITS Vore requisits [\/vc_column_text][\/vc_column][vc_column width=&#8221;1\/2&#8243; el_class=&#8221;dos&#8221;][vc_column_text] OMPLIR FORMULARI Comen\u00e7ar [\/vc_column_text][\/vc_column][\/vc_row][vc_row el_class=&#8221;formulario&#8221; el_id=&#8221;alta-comercio&#8221;][vc_column width=&#8221;1\/6&#8243; css=&#8221;.vc_custom_1631009739164{padding-top: 0px !important;}&#8221;][\/vc_column][vc_column width=&#8221;2\/3&#8243; css=&#8221;.vc_custom_1631009742758{padding-top: 0px !important;}&#8221;][vc_row_inner][vc_column_inner][vc_column_text] Dona d&#8217;alta el teu [&hellip;]<\/p>\n","protected":false},"author":4,"featured_media":0,"parent":0,"menu_order":0,"comment_status":"closed","ping_status":"closed","template":"","meta":{"footnotes":""},"class_list":["post-272","page","type-page","status-publish","hentry"],"yoast_head":"<!-- This site is optimized with the Yoast SEO plugin v19.7.1 - https:\/\/yoast.com\/wordpress\/plugins\/seo\/ -->\n<title>Adherix el teu comer\u00e7 - Bo Comer\u00e7 ValenciaBo Comer\u00e7 Valencia<\/title>\n<meta name=\"robots\" content=\"index, follow, max-snippet:-1, max-image-preview:large, max-video-preview:-1\" \/>\n<link rel=\"canonical\" href=\"https:\/\/bonocomerciovlc.com\/alta-establecimiento\/\" \/>\n<meta property=\"og:locale\" content=\"en_US\" \/>\n<meta property=\"og:type\" content=\"article\" \/>\n<meta property=\"og:title\" content=\"Adherix el teu comer\u00e7 - Bo Comer\u00e7 ValenciaBo Comer\u00e7 Valencia\" \/>\n<meta property=\"og:description\" content=\"[vc_row full_width=&#8221;stretch_row&#8221; equal_height=&#8221;yes&#8221; content_placement=&#8221;middle&#8221; el_class=&#8221;banner_compra_bono alta&#8221;][vc_column width=&#8221;1\/2&#8243;][vc_raw_html]JTNDcCUzRSUzQ3NwYW4lMjBjbGFzcyUzRCUyMmxpbmVhJTIyJTNFRE9OQSUyMEQlRTIlODAlOTlBTFRBJTIwRUwlMjBURVUlM0MlMkZzcGFuJTNFJTIwRVNUQUJMSU1FTlQlM0NzcGFuJTIwY2xhc3MlM0QlMjJkZXN0YWNhZG8lMjIlM0UlMjBGSU5TJTIwQUwlMjAzMCUyMERFJTIwU0VURU1CUkUlM0MlMkZzcGFuJTNFJTNDJTJGcCUzRSUwQSUzQ3AlMjBjbGFzcyUzRCUyMm1pbmklMjIlM0UlM0MlMkZwJTNFJTBBJTNDYSUyMGhyZWYlM0QlMjIlMjNhbHRhLWNvbWVyY2lvJTIyJTNFQ09NRU4lQzMlODdBUiUzQyUyRmElM0U=[\/vc_raw_html][vc_column_text] O fes-ho des del nostre WhatsApp Created with Sketch. [\/vc_column_text][\/vc_column][vc_column width=&#8221;1\/2&#8243;][vc_single_image image=&#8221;864&#8243; img_size=&#8221;full&#8221; alignment=&#8221;right&#8221;][\/vc_column][\/vc_row][vc_row full_width=&#8221;stretch_row&#8221; css=&#8221;.vc_custom_1631009694177{background-color: #f1f1f1 !important;}&#8221; el_class=&#8221;puntos_consumidor alta&#8221;][vc_column width=&#8221;1\/2&#8243; el_class=&#8221;uno&#8221;][vc_column_text] COMPLIR ELS REQUISITS Vore requisits [\/vc_column_text][\/vc_column][vc_column width=&#8221;1\/2&#8243; el_class=&#8221;dos&#8221;][vc_column_text] OMPLIR FORMULARI Comen\u00e7ar [\/vc_column_text][\/vc_column][\/vc_row][vc_row el_class=&#8221;formulario&#8221; el_id=&#8221;alta-comercio&#8221;][vc_column width=&#8221;1\/6&#8243; css=&#8221;.vc_custom_1631009739164{padding-top: 0px !important;}&#8221;][\/vc_column][vc_column width=&#8221;2\/3&#8243; css=&#8221;.vc_custom_1631009742758{padding-top: 0px !important;}&#8221;][vc_row_inner][vc_column_inner][vc_column_text] Dona d&#8217;alta el teu [&hellip;]\" \/>\n<meta property=\"og:url\" content=\"https:\/\/bonocomerciovlc.com\/alta-establecimiento\/\" \/>\n<meta property=\"og:site_name\" content=\"Bo Comer\u00e7 ValenciaBo Comer\u00e7 Valencia\" \/>\n<meta property=\"article:modified_time\" content=\"2025-09-30T18:37:50+00:00\" \/>\n<meta name=\"twitter:card\" content=\"summary_large_image\" \/>\n<meta name=\"twitter:label1\" content=\"Est. reading time\" \/>\n\t<meta name=\"twitter:data1\" content=\"2 minutes\" \/>\n<script type=\"application\/ld+json\" class=\"yoast-schema-graph\">{\"@context\":\"https:\/\/schema.org\",\"@graph\":[{\"@type\":\"WebPage\",\"@id\":\"https:\/\/bonocomerciovlc.com\/alta-establecimiento\/\",\"url\":\"https:\/\/bonocomerciovlc.com\/alta-establecimiento\/\",\"name\":\"Adherix el teu comer\u00e7 - Bo Comer\u00e7 ValenciaBo Comer\u00e7 Valencia\",\"isPartOf\":{\"@id\":\"https:\/\/bonocomerciovlc.com\/#website\"},\"datePublished\":\"2021-09-09T09:56:36+00:00\",\"dateModified\":\"2025-09-30T18:37:50+00:00\",\"breadcrumb\":{\"@id\":\"https:\/\/bonocomerciovlc.com\/alta-establecimiento\/#breadcrumb\"},\"inLanguage\":\"va\",\"potentialAction\":[{\"@type\":\"ReadAction\",\"target\":[\"https:\/\/bonocomerciovlc.com\/alta-establecimiento\/\"]}]},{\"@type\":\"BreadcrumbList\",\"@id\":\"https:\/\/bonocomerciovlc.com\/alta-establecimiento\/#breadcrumb\",\"itemListElement\":[{\"@type\":\"ListItem\",\"position\":1,\"name\":\"Portada\",\"item\":\"https:\/\/bonocomerciovlc.com\/va\/\"},{\"@type\":\"ListItem\",\"position\":2,\"name\":\"Adherix el teu comer\u00e7\"}]},{\"@type\":\"WebSite\",\"@id\":\"https:\/\/bonocomerciovlc.com\/#website\",\"url\":\"https:\/\/bonocomerciovlc.com\/\",\"name\":\"Bo Comer\u00e7 ValenciaBo Comer\u00e7 Valencia\",\"description\":\"Bo Comer\u00e7 Valencia\",\"potentialAction\":[{\"@type\":\"SearchAction\",\"target\":{\"@type\":\"EntryPoint\",\"urlTemplate\":\"https:\/\/bonocomerciovlc.com\/?s={search_term_string}\"},\"query-input\":\"required name=search_term_string\"}],\"inLanguage\":\"va\"}]}<\/script>\n<!-- \/ Yoast SEO plugin. -->","yoast_head_json":{"title":"Adherix el teu comer\u00e7 - Bo Comer\u00e7 ValenciaBo Comer\u00e7 Valencia","robots":{"index":"index","follow":"follow","max-snippet":"max-snippet:-1","max-image-preview":"max-image-preview:large","max-video-preview":"max-video-preview:-1"},"canonical":"https:\/\/bonocomerciovlc.com\/alta-establecimiento\/","og_locale":"en_US","og_type":"article","og_title":"Adherix el teu comer\u00e7 - Bo Comer\u00e7 ValenciaBo Comer\u00e7 Valencia","og_description":"[vc_row full_width=&#8221;stretch_row&#8221; equal_height=&#8221;yes&#8221; content_placement=&#8221;middle&#8221; el_class=&#8221;banner_compra_bono alta&#8221;][vc_column width=&#8221;1\/2&#8243;][vc_raw_html]JTNDcCUzRSUzQ3NwYW4lMjBjbGFzcyUzRCUyMmxpbmVhJTIyJTNFRE9OQSUyMEQlRTIlODAlOTlBTFRBJTIwRUwlMjBURVUlM0MlMkZzcGFuJTNFJTIwRVNUQUJMSU1FTlQlM0NzcGFuJTIwY2xhc3MlM0QlMjJkZXN0YWNhZG8lMjIlM0UlMjBGSU5TJTIwQUwlMjAzMCUyMERFJTIwU0VURU1CUkUlM0MlMkZzcGFuJTNFJTNDJTJGcCUzRSUwQSUzQ3AlMjBjbGFzcyUzRCUyMm1pbmklMjIlM0UlM0MlMkZwJTNFJTBBJTNDYSUyMGhyZWYlM0QlMjIlMjNhbHRhLWNvbWVyY2lvJTIyJTNFQ09NRU4lQzMlODdBUiUzQyUyRmElM0U=[\/vc_raw_html][vc_column_text] O fes-ho des del nostre WhatsApp Created with Sketch. [\/vc_column_text][\/vc_column][vc_column width=&#8221;1\/2&#8243;][vc_single_image image=&#8221;864&#8243; img_size=&#8221;full&#8221; alignment=&#8221;right&#8221;][\/vc_column][\/vc_row][vc_row full_width=&#8221;stretch_row&#8221; css=&#8221;.vc_custom_1631009694177{background-color: #f1f1f1 !important;}&#8221; el_class=&#8221;puntos_consumidor alta&#8221;][vc_column width=&#8221;1\/2&#8243; el_class=&#8221;uno&#8221;][vc_column_text] COMPLIR ELS REQUISITS Vore requisits [\/vc_column_text][\/vc_column][vc_column width=&#8221;1\/2&#8243; el_class=&#8221;dos&#8221;][vc_column_text] OMPLIR FORMULARI Comen\u00e7ar [\/vc_column_text][\/vc_column][\/vc_row][vc_row el_class=&#8221;formulario&#8221; el_id=&#8221;alta-comercio&#8221;][vc_column width=&#8221;1\/6&#8243; css=&#8221;.vc_custom_1631009739164{padding-top: 0px !important;}&#8221;][\/vc_column][vc_column width=&#8221;2\/3&#8243; css=&#8221;.vc_custom_1631009742758{padding-top: 0px !important;}&#8221;][vc_row_inner][vc_column_inner][vc_column_text] Dona d&#8217;alta el teu [&hellip;]","og_url":"https:\/\/bonocomerciovlc.com\/alta-establecimiento\/","og_site_name":"Bo Comer\u00e7 ValenciaBo Comer\u00e7 Valencia","article_modified_time":"2025-09-30T18:37:50+00:00","twitter_card":"summary_large_image","twitter_misc":{"Est. reading time":"2 minutes"},"schema":{"@context":"https:\/\/schema.org","@graph":[{"@type":"WebPage","@id":"https:\/\/bonocomerciovlc.com\/alta-establecimiento\/","url":"https:\/\/bonocomerciovlc.com\/alta-establecimiento\/","name":"Adherix el teu comer\u00e7 - Bo Comer\u00e7 ValenciaBo Comer\u00e7 Valencia","isPartOf":{"@id":"https:\/\/bonocomerciovlc.com\/#website"},"datePublished":"2021-09-09T09:56:36+00:00","dateModified":"2025-09-30T18:37:50+00:00","breadcrumb":{"@id":"https:\/\/bonocomerciovlc.com\/alta-establecimiento\/#breadcrumb"},"inLanguage":"va","potentialAction":[{"@type":"ReadAction","target":["https:\/\/bonocomerciovlc.com\/alta-establecimiento\/"]}]},{"@type":"BreadcrumbList","@id":"https:\/\/bonocomerciovlc.com\/alta-establecimiento\/#breadcrumb","itemListElement":[{"@type":"ListItem","position":1,"name":"Portada","item":"https:\/\/bonocomerciovlc.com\/va\/"},{"@type":"ListItem","position":2,"name":"Adherix el teu comer\u00e7"}]},{"@type":"WebSite","@id":"https:\/\/bonocomerciovlc.com\/#website","url":"https:\/\/bonocomerciovlc.com\/","name":"Bo Comer\u00e7 ValenciaBo Comer\u00e7 Valencia","description":"Bo Comer\u00e7 Valencia","potentialAction":[{"@type":"SearchAction","target":{"@type":"EntryPoint","urlTemplate":"https:\/\/bonocomerciovlc.com\/?s={search_term_string}"},"query-input":"required name=search_term_string"}],"inLanguage":"va"}]}},"_links":{"self":[{"href":"https:\/\/bonocomerciovlc.com\/va\/wp-json\/wp\/v2\/pages\/272","targetHints":{"allow":["GET"]}}],"collection":[{"href":"https:\/\/bonocomerciovlc.com\/va\/wp-json\/wp\/v2\/pages"}],"about":[{"href":"https:\/\/bonocomerciovlc.com\/va\/wp-json\/wp\/v2\/types\/page"}],"author":[{"embeddable":true,"href":"https:\/\/bonocomerciovlc.com\/va\/wp-json\/wp\/v2\/users\/4"}],"replies":[{"embeddable":true,"href":"https:\/\/bonocomerciovlc.com\/va\/wp-json\/wp\/v2\/comments?post=272"}],"version-history":[{"count":40,"href":"https:\/\/bonocomerciovlc.com\/va\/wp-json\/wp\/v2\/pages\/272\/revisions"}],"predecessor-version":[{"id":1498,"href":"https:\/\/bonocomerciovlc.com\/va\/wp-json\/wp\/v2\/pages\/272\/revisions\/1498"}],"wp:attachment":[{"href":"https:\/\/bonocomerciovlc.com\/va\/wp-json\/wp\/v2\/media?parent=272"}],"curies":[{"name":"wp","href":"https:\/\/api.w.org\/{rel}","templated":true}]}}