{"id":293,"date":"2021-09-09T10:10:41","date_gmt":"2021-09-09T10:10:41","guid":{"rendered":"https:\/\/bonosvalencia.atic.green\/?page_id=293"},"modified":"2025-09-01T16:27:22","modified_gmt":"2025-09-01T14:27:22","slug":"home","status":"publish","type":"page","link":"https:\/\/bonocomerciovlc.com\/va\/","title":{"rendered":"Home"},"content":{"rendered":"<p>[vc_row full_width=&#8221;stretch_row_content_no_spaces&#8221; equal_height=&#8221;yes&#8221; disable_element=&#8221;yes&#8221; el_class=&#8221;home_enlaces&#8221; css=&#8221;.vc_custom_1656410133545{margin-top: 35px !important;}&#8221;][vc_column width=&#8221;1\/2&#8243; css=&#8221;.vc_custom_1630995169282{background-image: url(https:\/\/bonocomerciovlc.com\/wp-content\/uploads\/2021\/09\/f1.jpg?id=162) !important;background-position: center !important;background-repeat: no-repeat !important;background-size: cover !important;}&#8221; el_class=&#8221;primero&#8221;][vc_raw_html el_class=&#8221;texto_enlace&#8221;]JTNDcCUzRSVDMiVCRkVSRVMlM0NzcGFuJTNFQ09NRVIlQzMlODclM0YlM0MlMkZzcGFuJTNFJTNDJTJGcCUzRSUwQSUzQ2ElMjBocmVmJTNEJTIyJTJGdmElMkZhZGhlcml4LWVsLXRldS1jb21lcmMlMkYlMjIlM0VJTlNDUklVLVRFJTNDJTJGYSUzRQ==[\/vc_raw_html][\/vc_column][vc_column width=&#8221;1\/2&#8243; css=&#8221;.vc_custom_1631175161051{background-image: url(https:\/\/bonocomerciovlc.com\/wp-content\/uploads\/2021\/09\/f23.jpg?id=239) !important;background-position: center !important;background-repeat: no-repeat !important;background-size: cover !important;}&#8221; el_id=&#8221;segundo&#8221;][vc_raw_html el_class=&#8221;texto_enlace&#8221;]JTNDcCUzRUpBJTIwVEVOUyUyMEVMJTNDc3BhbiUzRVRFVSUyMEJPJTNGJTNDJTJGc3BhbiUzRSUzQyUyRnAlM0UlMEElM0NhJTIwaHJlZiUzRCUyMmh0dHBzJTNBJTJGJTJGYm9ub2NvbWVyY2lvdmxjLmNvbSUyRnZhJTJGaW1mb3JtYWNpby1wZXItYWxzLWNsaWVudHMlMkYlMjIlM0VDT05TVUxUQSUyMExFUyUyMENPTkRJQ0lPTlMlM0MlMkZhJTNF[\/vc_raw_html][\/vc_column][\/vc_row][vc_row full_width=&#8221;stretch_row_content_no_spaces&#8221; equal_height=&#8221;yes&#8221; disable_element=&#8221;yes&#8221; el_class=&#8221;home_enlaces&#8221; css=&#8221;.vc_custom_1656594914795{margin-top: 35px !important;}&#8221;][vc_column width=&#8221;1\/2&#8243; css=&#8221;.vc_custom_1630995169282{background-image: url(https:\/\/bonocomerciovlc.com\/wp-content\/uploads\/2021\/09\/f1.jpg?id=162) !important;background-position: center !important;background-repeat: no-repeat !important;background-size: cover !important;}&#8221; el_class=&#8221;primero&#8221;][vc_raw_html el_class=&#8221;texto_enlace&#8221;]JTNDcCUzRSVDMiVCRkVSRVMlM0NzcGFuJTNFQ09NRVIlQzMlODclM0YlM0MlMkZzcGFuJTNFJTNDJTJGcCUzRSUwQSUzQ2ElMjBocmVmJTNEJTIyJTJGdmElMkZhZGhlcml4LWVsLXRldS1jb21lcmMlMkYlMjIlM0VJTlNDUklVLVRFJTNDJTJGYSUzRQ==[\/vc_raw_html][\/vc_column][vc_column width=&#8221;1\/2&#8243; css=&#8221;.vc_custom_1631175161051{background-image: url(https:\/\/bonocomerciovlc.com\/wp-content\/uploads\/2021\/09\/f23.jpg?id=239) !important;background-position: center !important;background-repeat: no-repeat !important;background-size: cover !important;}&#8221;][vc_raw_html el_class=&#8221;texto_enlace&#8221;]JTNDcCUzRSVDMiVCRkVSRVMlM0NzcGFuJTNFQ09OU1VNSURPUiUyRkElM0YlM0MlMkZzcGFuJTNFJTNDJTJGcCUzRSUwQSUzQ2ElMjBocmVmJTNEJTIyJTJGdmElMkZjb21wcmEtZWwtdGV1LWJvJTJGJTIyJTNFQ09NUFJBJTIwQk8lM0MlMkZhJTNF[\/vc_raw_html][\/vc_column][\/vc_row][vc_row full_width=&#8221;stretch_row_content_no_spaces&#8221; equal_height=&#8221;yes&#8221; el_class=&#8221;home_enlaces&#8221; css=&#8221;.vc_custom_1656595263113{margin-top: 35px !important;background-color: #f8f8ee !important;}&#8221;][vc_column width=&#8221;1\/6&#8243; offset=&#8221;vc_hidden-sm vc_hidden-xs&#8221;][\/vc_column][vc_column width=&#8221;1\/2&#8243; css=&#8221;.vc_custom_1656663430615{background-image: url(https:\/\/bonocomerciovlc.com\/wp-content\/uploads\/2022\/07\/boton_01_vlc.jpg?id=913) !important;background-position: center !important;background-repeat: no-repeat !important;background-size: contain !important;}&#8221; el_class=&#8221;primero&#8221; offset=&#8221;vc_col-lg-4 vc_col-md-4 vc_col-xs-12&#8243;][vc_raw_html el_class=&#8221;texto_enlace vlc&#8221; css=&#8221;.vc_custom_1657103630470{margin-bottom: 120px !important;}&#8221;]JTNDYSUyMGhyZWYlM0QlMjIlMkZ2YSUyRmFkaGVyaXgtZWwtdGV1LWNvbWVyYyUyRiUyMiUzRUlOU0NSSVUtVEUlM0MlMkZhJTNF[\/vc_raw_html][\/vc_column][vc_column width=&#8221;1\/2&#8243; css=&#8221;.vc_custom_1656663309290{background-image: url(https:\/\/bonocomerciovlc.com\/wp-content\/uploads\/2022\/06\/boton_02_vlc.jpg?id=838) !important;background-position: center !important;background-repeat: no-repeat !important;background-size: contain !important;}&#8221; el_class=&#8221;segundo&#8221; offset=&#8221;vc_col-lg-4 vc_col-md-4 vc_col-xs-12&#8243;][vc_raw_html el_class=&#8221;texto_enlace vlc&#8221; css=&#8221;.vc_custom_1657103640515{margin-bottom: 120px !important;}&#8221;]JTNDYSUyMGhyZWYlM0QlMjIlMkZ2YSUyRmNvbXByYS1lbC10ZXUtYm8lMkYlMjIlM0VDT01QUkElMjBCTyUzQyUyRmElM0U=[\/vc_raw_html][\/vc_column][vc_column width=&#8221;1\/6&#8243; offset=&#8221;vc_hidden-sm vc_hidden-xs&#8221;][\/vc_column][\/vc_row][vc_row el_class=&#8221;home_top&#8221;][vc_column width=&#8221;1\/2&#8243;][vc_column_text]<\/p>\n<h1>Participa en el sorteig<\/h1>\n<ul>\n<li class=\"elementToProof\" style=\"text-align: left;\">Amb 50\u20ac pots comprar un <strong>Bono Comer\u00e7 VLC<\/strong> per un saldo de <strong>100\u20ac<\/strong><\/li>\n<li class=\"elementToProof\" style=\"text-align: left;\">El sorteig s&#8217;ha celebrat <strong>a les 14h del 15 de juliol de 2025<\/strong><\/li>\n<li class=\"elementToProof\" style=\"text-align: left;\">Les notificacions als <b>25.604<\/b><strong>\u00a0premiats<\/strong> es realitzar\u00e0 a trav\u00e9s del compte de correu que s&#8217;ha utilitzat per a la inscripci\u00f3 a partir del <strong>1 de setembre<\/strong> per a la compra en l\u00ednia del bo.<\/li>\n<li class=\"elementToProof\" style=\"text-align: left;\">Recorda que el resultat del sorteig el podr\u00e0s comprovar sempre des <a href=\"https:\/\/bonocomerciovlc.com\/consulta-tu-informacion\/\"> d&#8217;aqu\u00ed<\/a><\/li>\n<\/ul>\n<p>[\/vc_column_text][vc_row_inner el_class=&#8221;fila_botones&#8221;][vc_column_inner width=&#8221;1\/2&#8243;][vc_column_text el_class=&#8221;boton_fondo_blanco&#8221;]<a href=\"\/va\/compra-el-teu-bo\/\">Comprovar Sorteig<\/a>[\/vc_column_text][\/vc_column_inner][vc_column_inner width=&#8221;1\/2&#8243;][vc_column_text el_class=&#8221;boton_flecha&#8221;]<a href=\"https:\/\/bonocomerciovlc.com\/va\/imformacio-per-als-clients\/\" target=\"_blank\" rel=\"noopener\">M\u00e9s informaci\u00f3 <img decoding=\"async\" class=\"alignnone size-medium wp-image-36\" src=\"\/wp-content\/uploads\/2021\/08\/roja.svg\" \/><\/a>[\/vc_column_text][\/vc_column_inner][\/vc_row_inner][\/vc_column][vc_column width=&#8221;1\/2&#8243;][vc_single_image image=&#8221;864&#8243; img_size=&#8221;full&#8221; alignment=&#8221;center&#8221; css=&#8221;.vc_custom_1657867802817{margin-bottom: 0px !important;}&#8221;][\/vc_column][\/vc_row][vc_row full_width=&#8221;stretch_row&#8221; css=&#8221;.vc_custom_1630995476339{background-color: #f1f1f1 !important;}&#8221; el_class=&#8221;encuentra_establecimiento&#8221;][vc_column][vc_column_text]<\/p>\n<h2 style=\"text-align: center;\">Consulta els comer\u00e7os adherits<\/h2>\n<p style=\"text-align: center;\">Troba el lloc m\u00e9s pr\u00f2xim per a utilitzar el teu bo<\/p>\n<p>[\/vc_column_text][vc_row_inner][vc_column_inner width=&#8221;1\/6&#8243;][\/vc_column_inner][vc_column_inner width=&#8221;2\/3&#8243;]<form class=\"consulta_comercios_form\" method=\"POST\" action=\"https:\/\/bonocomerciovlc.com\/va\/comercos-adherits\/\"><div id=\"mensaje_solicitud\"><\/div><div class=\"vc_row\"><div class=\"vc_col-sm-3\"><select name=\"idsector\" id=\"idsector\"><option value=\"\" selected>Sector...<\/option><optgroup label=\"PER A LA PERSONA\"><option value=\"2\" >Peces de vestir i complements<\/option><option value=\"3\" >Merceria i paqueteria<\/option><option value=\"4\" >BODES i cerim\u00f2nia<\/option><option value=\"5\" >Joieries, rellotgeria i bijuteria<\/option><option value=\"6\" >Perfumeria i cosm\u00e8tics<\/option><option value=\"7\" >Herbolaris i diet\u00e8tica<\/option><option value=\"8\" >Joguets i entreteniment<\/option><option value=\"9\" >Esport i aventura<\/option><option value=\"10\" >Articles de viatge<\/option><option value=\"11\" >Equipament laboral<\/option><option value=\"12\" >Aparells m\u00e8dics i ortop\u00e8dics<\/option><option value=\"13\" >Papereria, llibres, peri\u00f2dics i revistes<\/option><option value=\"14\" >Instruments musicals i accessoris<\/option><option value=\"15\" >Per a col\u00b7leccionistes: segells, monedes, ETC.<\/option><option value=\"37\" >INDUMENT\u00c0RIA Valenciana<\/option><option value=\"38\" >\u00d2ptiques<\/option><option value=\"39\" >Manualitats i belles arts<\/option><option value=\"40\" >Productes artesans<\/option><option value=\"42\" >Cal\u00e7at<\/option><option value=\"44\" >ALIMENTACI\u00d3<\/option><\/optgroup><optgroup label=\"PER A LA LLAR\"><option value=\"17\" >Mobles per a la llar<\/option><option value=\"18\" >Electrodom\u00e8stics<\/option><option value=\"19\" >Ferreteria i parament<\/option><option value=\"20\" >T\u00e8xtils, decoraci\u00f3 i adorns per a la llar<\/option><option value=\"21\" >DROGUERIA i neteja de la llar<\/option><option value=\"22\" >Productes i SERVICIS per a animals<\/option><option value=\"23\" >Flors i plantes<\/option><option value=\"24\" >MATERIALS de construcci\u00f3<\/option><option value=\"25\" >Articles de bricolatge<\/option><option value=\"26\" >Mobles i m\u00e0quines per a oficines<\/option><option value=\"41\" >Imatge, so i telefonia<\/option><\/optgroup><optgroup label=\"COMER\u00c7 AMBULANT\"><option value=\"28\" >Mercadets i venda no sedent\u00e0ria<\/option><option value=\"43\" >Mercats municipals de districte<\/option><\/optgroup><optgroup label=\"SERVICIS\"><option value=\"30\" >Bugaderies i tintoreries<\/option><option value=\"31\" >Reparaci\u00f3 de cal\u00e7at<\/option><option value=\"32\" >REPARACI\u00d3 I COMPOSTURA DE ROBA<\/option><option value=\"33\" >PELUQUERIES I SALONS DE BELLESA<\/option><option value=\"34\" >SERVICIS FOTOGR\u00c0FICS<\/option><option value=\"35\" >SERVICIS D\u2019EMMARCAMENT<\/option><option value=\"36\" >ALTRES SERVICIS<\/option><\/optgroup><\/select><\/div><div class=\"vc_col-sm-5\"><input type=\"text\" name=\"nombre_comercio\" placeholder=\"NOM EST.\" value=\"\"><\/div><div class=\"vc_col-sm-3\"><input type=\"text\" name=\"codigo_postal\" placeholder=\"C\u00f3digo Postal\" value=\"\"><\/div><div class=\"vc_col-sm-1\"><input type=\"submit\" value=\"\"><\/div><\/div><\/form>[\/vc_column_inner][vc_column_inner width=&#8221;1\/6&#8243;][\/vc_column_inner][\/vc_row_inner][\/vc_column][\/vc_row]<\/p>\n","protected":false},"excerpt":{"rendered":"<p>[vc_row full_width=&#8221;stretch_row_content_no_spaces&#8221; equal_height=&#8221;yes&#8221; disable_element=&#8221;yes&#8221; el_class=&#8221;home_enlaces&#8221; css=&#8221;.vc_custom_1656410133545{margin-top: 35px !important;}&#8221;][vc_column width=&#8221;1\/2&#8243; css=&#8221;.vc_custom_1630995169282{background-image: url(https:\/\/bonocomerciovlc.com\/wp-content\/uploads\/2021\/09\/f1.jpg?id=162) !important;background-position: center !important;background-repeat: no-repeat !important;background-size: cover !important;}&#8221; el_class=&#8221;primero&#8221;][vc_raw_html el_class=&#8221;texto_enlace&#8221;]JTNDcCUzRSVDMiVCRkVSRVMlM0NzcGFuJTNFQ09NRVIlQzMlODclM0YlM0MlMkZzcGFuJTNFJTNDJTJGcCUzRSUwQSUzQ2ElMjBocmVmJTNEJTIyJTJGdmElMkZhZGhlcml4LWVsLXRldS1jb21lcmMlMkYlMjIlM0VJTlNDUklVLVRFJTNDJTJGYSUzRQ==[\/vc_raw_html][\/vc_column][vc_column width=&#8221;1\/2&#8243; css=&#8221;.vc_custom_1631175161051{background-image: url(https:\/\/bonocomerciovlc.com\/wp-content\/uploads\/2021\/09\/f23.jpg?id=239) !important;background-position: center !important;background-repeat: no-repeat !important;background-size: cover !important;}&#8221; el_id=&#8221;segundo&#8221;][vc_raw_html el_class=&#8221;texto_enlace&#8221;]JTNDcCUzRUpBJTIwVEVOUyUyMEVMJTNDc3BhbiUzRVRFVSUyMEJPJTNGJTNDJTJGc3BhbiUzRSUzQyUyRnAlM0UlMEElM0NhJTIwaHJlZiUzRCUyMmh0dHBzJTNBJTJGJTJGYm9ub2NvbWVyY2lvdmxjLmNvbSUyRnZhJTJGaW1mb3JtYWNpby1wZXItYWxzLWNsaWVudHMlMkYlMjIlM0VDT05TVUxUQSUyMExFUyUyMENPTkRJQ0lPTlMlM0MlMkZhJTNF[\/vc_raw_html][\/vc_column][\/vc_row][vc_row full_width=&#8221;stretch_row_content_no_spaces&#8221; equal_height=&#8221;yes&#8221; disable_element=&#8221;yes&#8221; el_class=&#8221;home_enlaces&#8221; css=&#8221;.vc_custom_1656594914795{margin-top: 35px !important;}&#8221;][vc_column width=&#8221;1\/2&#8243; css=&#8221;.vc_custom_1630995169282{background-image: url(https:\/\/bonocomerciovlc.com\/wp-content\/uploads\/2021\/09\/f1.jpg?id=162) !important;background-position: center !important;background-repeat: no-repeat !important;background-size: cover !important;}&#8221; el_class=&#8221;primero&#8221;][vc_raw_html el_class=&#8221;texto_enlace&#8221;]JTNDcCUzRSVDMiVCRkVSRVMlM0NzcGFuJTNFQ09NRVIlQzMlODclM0YlM0MlMkZzcGFuJTNFJTNDJTJGcCUzRSUwQSUzQ2ElMjBocmVmJTNEJTIyJTJGdmElMkZhZGhlcml4LWVsLXRldS1jb21lcmMlMkYlMjIlM0VJTlNDUklVLVRFJTNDJTJGYSUzRQ==[\/vc_raw_html][\/vc_column][vc_column width=&#8221;1\/2&#8243; css=&#8221;.vc_custom_1631175161051{background-image: url(https:\/\/bonocomerciovlc.com\/wp-content\/uploads\/2021\/09\/f23.jpg?id=239) !important;background-position: [&hellip;]<\/p>\n","protected":false},"author":4,"featured_media":0,"parent":0,"menu_order":0,"comment_status":"closed","ping_status":"closed","template":"","meta":{"footnotes":""},"class_list":["post-293","page","type-page","status-publish","hentry"],"yoast_head":"<!-- This site is optimized with the Yoast SEO plugin v19.7.1 - https:\/\/yoast.com\/wordpress\/plugins\/seo\/ -->\n<title>Home - Bo Comer\u00e7 ValenciaBo Comer\u00e7 Valencia<\/title>\n<meta name=\"robots\" content=\"index, follow, max-snippet:-1, max-image-preview:large, max-video-preview:-1\" \/>\n<link rel=\"canonical\" href=\"https:\/\/bonocomerciovlc.com\/va\/\" \/>\n<meta property=\"og:locale\" content=\"en_US\" \/>\n<meta property=\"og:type\" content=\"article\" \/>\n<meta property=\"og:title\" content=\"Home - Bo Comer\u00e7 ValenciaBo Comer\u00e7 Valencia\" \/>\n<meta property=\"og:description\" content=\"[vc_row full_width=&#8221;stretch_row_content_no_spaces&#8221; equal_height=&#8221;yes&#8221; disable_element=&#8221;yes&#8221; el_class=&#8221;home_enlaces&#8221; css=&#8221;.vc_custom_1656410133545{margin-top: 35px !important;}&#8221;][vc_column width=&#8221;1\/2&#8243; css=&#8221;.vc_custom_1630995169282{background-image: url(https:\/\/bonocomerciovlc.com\/wp-content\/uploads\/2021\/09\/f1.jpg?id=162) !important;background-position: center !important;background-repeat: no-repeat !important;background-size: cover !important;}&#8221; el_class=&#8221;primero&#8221;][vc_raw_html el_class=&#8221;texto_enlace&#8221;]JTNDcCUzRSVDMiVCRkVSRVMlM0NzcGFuJTNFQ09NRVIlQzMlODclM0YlM0MlMkZzcGFuJTNFJTNDJTJGcCUzRSUwQSUzQ2ElMjBocmVmJTNEJTIyJTJGdmElMkZhZGhlcml4LWVsLXRldS1jb21lcmMlMkYlMjIlM0VJTlNDUklVLVRFJTNDJTJGYSUzRQ==[\/vc_raw_html][\/vc_column][vc_column width=&#8221;1\/2&#8243; css=&#8221;.vc_custom_1631175161051{background-image: url(https:\/\/bonocomerciovlc.com\/wp-content\/uploads\/2021\/09\/f23.jpg?id=239) !important;background-position: center !important;background-repeat: no-repeat !important;background-size: cover !important;}&#8221; el_id=&#8221;segundo&#8221;][vc_raw_html el_class=&#8221;texto_enlace&#8221;]JTNDcCUzRUpBJTIwVEVOUyUyMEVMJTNDc3BhbiUzRVRFVSUyMEJPJTNGJTNDJTJGc3BhbiUzRSUzQyUyRnAlM0UlMEElM0NhJTIwaHJlZiUzRCUyMmh0dHBzJTNBJTJGJTJGYm9ub2NvbWVyY2lvdmxjLmNvbSUyRnZhJTJGaW1mb3JtYWNpby1wZXItYWxzLWNsaWVudHMlMkYlMjIlM0VDT05TVUxUQSUyMExFUyUyMENPTkRJQ0lPTlMlM0MlMkZhJTNF[\/vc_raw_html][\/vc_column][\/vc_row][vc_row full_width=&#8221;stretch_row_content_no_spaces&#8221; equal_height=&#8221;yes&#8221; disable_element=&#8221;yes&#8221; el_class=&#8221;home_enlaces&#8221; css=&#8221;.vc_custom_1656594914795{margin-top: 35px !important;}&#8221;][vc_column width=&#8221;1\/2&#8243; css=&#8221;.vc_custom_1630995169282{background-image: url(https:\/\/bonocomerciovlc.com\/wp-content\/uploads\/2021\/09\/f1.jpg?id=162) !important;background-position: center !important;background-repeat: no-repeat !important;background-size: cover !important;}&#8221; el_class=&#8221;primero&#8221;][vc_raw_html el_class=&#8221;texto_enlace&#8221;]JTNDcCUzRSVDMiVCRkVSRVMlM0NzcGFuJTNFQ09NRVIlQzMlODclM0YlM0MlMkZzcGFuJTNFJTNDJTJGcCUzRSUwQSUzQ2ElMjBocmVmJTNEJTIyJTJGdmElMkZhZGhlcml4LWVsLXRldS1jb21lcmMlMkYlMjIlM0VJTlNDUklVLVRFJTNDJTJGYSUzRQ==[\/vc_raw_html][\/vc_column][vc_column width=&#8221;1\/2&#8243; css=&#8221;.vc_custom_1631175161051{background-image: url(https:\/\/bonocomerciovlc.com\/wp-content\/uploads\/2021\/09\/f23.jpg?id=239) !important;background-position: [&hellip;]\" \/>\n<meta property=\"og:url\" content=\"https:\/\/bonocomerciovlc.com\/va\/\" \/>\n<meta property=\"og:site_name\" content=\"Bo Comer\u00e7 ValenciaBo Comer\u00e7 Valencia\" \/>\n<meta property=\"article:modified_time\" content=\"2025-09-01T14:27:22+00:00\" \/>\n<meta name=\"twitter:card\" content=\"summary_large_image\" \/>\n<meta name=\"twitter:label1\" content=\"Est. reading time\" \/>\n\t<meta name=\"twitter:data1\" content=\"1 minute\" \/>\n<script type=\"application\/ld+json\" class=\"yoast-schema-graph\">{\"@context\":\"https:\/\/schema.org\",\"@graph\":[{\"@type\":\"WebPage\",\"@id\":\"https:\/\/bonocomerciovlc.com\/va\/\",\"url\":\"https:\/\/bonocomerciovlc.com\/va\/\",\"name\":\"Home - Bo Comer\u00e7 ValenciaBo Comer\u00e7 Valencia\",\"isPartOf\":{\"@id\":\"https:\/\/bonocomerciovlc.com\/#website\"},\"datePublished\":\"2021-09-09T10:10:41+00:00\",\"dateModified\":\"2025-09-01T14:27:22+00:00\",\"breadcrumb\":{\"@id\":\"https:\/\/bonocomerciovlc.com\/va\/#breadcrumb\"},\"inLanguage\":\"va\",\"potentialAction\":[{\"@type\":\"ReadAction\",\"target\":[\"https:\/\/bonocomerciovlc.com\/va\/\"]}]},{\"@type\":\"BreadcrumbList\",\"@id\":\"https:\/\/bonocomerciovlc.com\/va\/#breadcrumb\",\"itemListElement\":[{\"@type\":\"ListItem\",\"position\":1,\"name\":\"Portada\",\"item\":\"https:\/\/bonocomerciovlc.com\/va\/\"},{\"@type\":\"ListItem\",\"position\":2,\"name\":\"Home\"}]},{\"@type\":\"WebSite\",\"@id\":\"https:\/\/bonocomerciovlc.com\/#website\",\"url\":\"https:\/\/bonocomerciovlc.com\/\",\"name\":\"Bo Comer\u00e7 ValenciaBo Comer\u00e7 Valencia\",\"description\":\"Bo Comer\u00e7 Valencia\",\"potentialAction\":[{\"@type\":\"SearchAction\",\"target\":{\"@type\":\"EntryPoint\",\"urlTemplate\":\"https:\/\/bonocomerciovlc.com\/?s={search_term_string}\"},\"query-input\":\"required name=search_term_string\"}],\"inLanguage\":\"va\"}]}<\/script>\n<!-- \/ Yoast SEO plugin. -->","yoast_head_json":{"title":"Home - Bo Comer\u00e7 ValenciaBo Comer\u00e7 Valencia","robots":{"index":"index","follow":"follow","max-snippet":"max-snippet:-1","max-image-preview":"max-image-preview:large","max-video-preview":"max-video-preview:-1"},"canonical":"https:\/\/bonocomerciovlc.com\/va\/","og_locale":"en_US","og_type":"article","og_title":"Home - Bo Comer\u00e7 ValenciaBo Comer\u00e7 Valencia","og_description":"[vc_row full_width=&#8221;stretch_row_content_no_spaces&#8221; equal_height=&#8221;yes&#8221; disable_element=&#8221;yes&#8221; el_class=&#8221;home_enlaces&#8221; css=&#8221;.vc_custom_1656410133545{margin-top: 35px !important;}&#8221;][vc_column width=&#8221;1\/2&#8243; css=&#8221;.vc_custom_1630995169282{background-image: url(https:\/\/bonocomerciovlc.com\/wp-content\/uploads\/2021\/09\/f1.jpg?id=162) !important;background-position: center !important;background-repeat: no-repeat !important;background-size: cover !important;}&#8221; el_class=&#8221;primero&#8221;][vc_raw_html el_class=&#8221;texto_enlace&#8221;]JTNDcCUzRSVDMiVCRkVSRVMlM0NzcGFuJTNFQ09NRVIlQzMlODclM0YlM0MlMkZzcGFuJTNFJTNDJTJGcCUzRSUwQSUzQ2ElMjBocmVmJTNEJTIyJTJGdmElMkZhZGhlcml4LWVsLXRldS1jb21lcmMlMkYlMjIlM0VJTlNDUklVLVRFJTNDJTJGYSUzRQ==[\/vc_raw_html][\/vc_column][vc_column width=&#8221;1\/2&#8243; css=&#8221;.vc_custom_1631175161051{background-image: url(https:\/\/bonocomerciovlc.com\/wp-content\/uploads\/2021\/09\/f23.jpg?id=239) !important;background-position: center !important;background-repeat: no-repeat !important;background-size: cover !important;}&#8221; el_id=&#8221;segundo&#8221;][vc_raw_html el_class=&#8221;texto_enlace&#8221;]JTNDcCUzRUpBJTIwVEVOUyUyMEVMJTNDc3BhbiUzRVRFVSUyMEJPJTNGJTNDJTJGc3BhbiUzRSUzQyUyRnAlM0UlMEElM0NhJTIwaHJlZiUzRCUyMmh0dHBzJTNBJTJGJTJGYm9ub2NvbWVyY2lvdmxjLmNvbSUyRnZhJTJGaW1mb3JtYWNpby1wZXItYWxzLWNsaWVudHMlMkYlMjIlM0VDT05TVUxUQSUyMExFUyUyMENPTkRJQ0lPTlMlM0MlMkZhJTNF[\/vc_raw_html][\/vc_column][\/vc_row][vc_row full_width=&#8221;stretch_row_content_no_spaces&#8221; equal_height=&#8221;yes&#8221; disable_element=&#8221;yes&#8221; el_class=&#8221;home_enlaces&#8221; css=&#8221;.vc_custom_1656594914795{margin-top: 35px !important;}&#8221;][vc_column width=&#8221;1\/2&#8243; css=&#8221;.vc_custom_1630995169282{background-image: url(https:\/\/bonocomerciovlc.com\/wp-content\/uploads\/2021\/09\/f1.jpg?id=162) !important;background-position: center !important;background-repeat: no-repeat !important;background-size: cover !important;}&#8221; el_class=&#8221;primero&#8221;][vc_raw_html el_class=&#8221;texto_enlace&#8221;]JTNDcCUzRSVDMiVCRkVSRVMlM0NzcGFuJTNFQ09NRVIlQzMlODclM0YlM0MlMkZzcGFuJTNFJTNDJTJGcCUzRSUwQSUzQ2ElMjBocmVmJTNEJTIyJTJGdmElMkZhZGhlcml4LWVsLXRldS1jb21lcmMlMkYlMjIlM0VJTlNDUklVLVRFJTNDJTJGYSUzRQ==[\/vc_raw_html][\/vc_column][vc_column width=&#8221;1\/2&#8243; css=&#8221;.vc_custom_1631175161051{background-image: url(https:\/\/bonocomerciovlc.com\/wp-content\/uploads\/2021\/09\/f23.jpg?id=239) !important;background-position: [&hellip;]","og_url":"https:\/\/bonocomerciovlc.com\/va\/","og_site_name":"Bo Comer\u00e7 ValenciaBo Comer\u00e7 Valencia","article_modified_time":"2025-09-01T14:27:22+00:00","twitter_card":"summary_large_image","twitter_misc":{"Est. reading time":"1 minute"},"schema":{"@context":"https:\/\/schema.org","@graph":[{"@type":"WebPage","@id":"https:\/\/bonocomerciovlc.com\/va\/","url":"https:\/\/bonocomerciovlc.com\/va\/","name":"Home - Bo Comer\u00e7 ValenciaBo Comer\u00e7 Valencia","isPartOf":{"@id":"https:\/\/bonocomerciovlc.com\/#website"},"datePublished":"2021-09-09T10:10:41+00:00","dateModified":"2025-09-01T14:27:22+00:00","breadcrumb":{"@id":"https:\/\/bonocomerciovlc.com\/va\/#breadcrumb"},"inLanguage":"va","potentialAction":[{"@type":"ReadAction","target":["https:\/\/bonocomerciovlc.com\/va\/"]}]},{"@type":"BreadcrumbList","@id":"https:\/\/bonocomerciovlc.com\/va\/#breadcrumb","itemListElement":[{"@type":"ListItem","position":1,"name":"Portada","item":"https:\/\/bonocomerciovlc.com\/va\/"},{"@type":"ListItem","position":2,"name":"Home"}]},{"@type":"WebSite","@id":"https:\/\/bonocomerciovlc.com\/#website","url":"https:\/\/bonocomerciovlc.com\/","name":"Bo Comer\u00e7 ValenciaBo Comer\u00e7 Valencia","description":"Bo Comer\u00e7 Valencia","potentialAction":[{"@type":"SearchAction","target":{"@type":"EntryPoint","urlTemplate":"https:\/\/bonocomerciovlc.com\/?s={search_term_string}"},"query-input":"required name=search_term_string"}],"inLanguage":"va"}]}},"_links":{"self":[{"href":"https:\/\/bonocomerciovlc.com\/va\/wp-json\/wp\/v2\/pages\/293","targetHints":{"allow":["GET"]}}],"collection":[{"href":"https:\/\/bonocomerciovlc.com\/va\/wp-json\/wp\/v2\/pages"}],"about":[{"href":"https:\/\/bonocomerciovlc.com\/va\/wp-json\/wp\/v2\/types\/page"}],"author":[{"embeddable":true,"href":"https:\/\/bonocomerciovlc.com\/va\/wp-json\/wp\/v2\/users\/4"}],"replies":[{"embeddable":true,"href":"https:\/\/bonocomerciovlc.com\/va\/wp-json\/wp\/v2\/comments?post=293"}],"version-history":[{"count":37,"href":"https:\/\/bonocomerciovlc.com\/va\/wp-json\/wp\/v2\/pages\/293\/revisions"}],"predecessor-version":[{"id":1484,"href":"https:\/\/bonocomerciovlc.com\/va\/wp-json\/wp\/v2\/pages\/293\/revisions\/1484"}],"wp:attachment":[{"href":"https:\/\/bonocomerciovlc.com\/va\/wp-json\/wp\/v2\/media?parent=293"}],"curies":[{"name":"wp","href":"https:\/\/api.w.org\/{rel}","templated":true}]}}