{"id":297,"date":"2021-09-09T10:13:03","date_gmt":"2021-09-09T10:13:03","guid":{"rendered":"https:\/\/bonosvalencia.atic.green\/?page_id=297"},"modified":"2025-07-03T09:21:45","modified_gmt":"2025-07-03T07:21:45","slug":"informacio-per-al-comerciant","status":"publish","type":"page","link":"https:\/\/bonocomerciovlc.com\/va\/informacio-per-al-comerciant\/","title":{"rendered":"Informaci\u00f3 per al comerciant"},"content":{"rendered":"<p>[vc_row][vc_column][vc_column_text]<\/p>\n<h1>INFORMACI\u00d3 PER AL COMERCIANT<\/h1>\n<p>[\/vc_column_text][\/vc_column][\/vc_row][vc_row el_class=&#8221;textos_pdf&#8221;][vc_column][vc_column_text]<strong>QU\u00c9 SON LOS BONO COMERCIO VLC 2025<\/strong><\/p>\n<p>La campa\u00f1a <strong>BONO COMERCIO VLC<\/strong> es una iniciativa del Ayuntamiento de Val\u00e8ncia, llevada a cabo en base a un convenio firmado con la C\u00e1mara de Comercio de Val\u00e8ncia, con el objetivo de fomentar la dinamizaci\u00f3n de la actividad econ\u00f3mica, muy especialmente del comercio en la ciudad de Val\u00e8ncia, paralizada de forma importante por la crisis sanitaria producida por la pandemia del Covid 19.<\/p>\n<p>En la campa\u00f1a podr\u00e1n participar los comercios de la ciudad de Val\u00e8ncia que cumplan con los requisitos establecidos y se adhieran correctamente a trav\u00e9s de esta web. Por otro lado, podr\u00e1 adquirir el bono cualquier persona que los desee y lo utilizar\u00e1 para la adquisici\u00f3n de bienes y\/o servicios en estos comercios.<\/p>\n<p>&nbsp;<\/p>\n<p><strong>REQUISITOS DE ADHESI\u00d3N A LA CAMPA\u00d1A BONO COMERCIO VLC 2025<\/strong><\/p>\n<p>Se podr\u00e1n adherir los comercios abiertos al p\u00fablico situados en la ciudad de Val\u00e8ncia que est\u00e9n dados de alta, con anterioridad al 1 de junio de 2025, en los IAE siguientes:<\/p>\n<p>&nbsp;<\/p>\n<p>&#8211; <strong>Agrupaci\u00f3n 64:<\/strong> Comercio al por menor de productos alimenticios realizado en establecimientos permanentes.<\/p>\n<p>Se except\u00faa:<\/p>\n<p>&#8211; El grupo 646 (comercio tabacos y art\u00edculos de fumador).<\/p>\n<p>&#8211; <strong>Agrupaci\u00f3n 65:<\/strong> Comercio al por menor de productos industriales no alimenticios realizado en establecimientos permanentes.<\/p>\n<p>Se except\u00faan:<\/p>\n<p>&#8211; El grupo 655 (Comercio de combustibles, carburantes y lubricantes).<\/p>\n<p>&#8211; El ep\u00edgrafe 652.1 (Farmacias).<\/p>\n<p>&#8211; <strong>Agrupaci\u00f3n 66. Grupo 663.<\/strong> Comercio al por menor fuera de un establecimiento comercial permanente (ambulancia, mercadillos y mercados ocasionales o peri\u00f3dicos).<\/p>\n<p>&#8211; <strong>Agrupaci\u00f3n 97:<\/strong> Servicios personales.<\/p>\n<p>Se except\u00faa:<\/p>\n<p>&#8211; El ep\u00edgrafe 973.2 (M\u00e1quinas autom\u00e1ticas, fotograf\u00edas y fotocopiadoras).<\/p>\n<p>&nbsp;<\/p>\n<p><strong>&#8211; Personas f\u00edsicas o jur\u00eddicas legalmente constituidas que sean titulares de concesiones administrativas en los mercados municipales de distrito de Val\u00e8ncia, independientemente de la actividad que realicen.<\/strong><\/p>\n<ul>\n<li>Ser una pyme conforme a las normas de la UE.<\/li>\n<li>El n\u00famero de personas empleadas en el establecimiento comercial no ser\u00e1 superior a <strong>12 personas trabajadoras a jornada completa<\/strong> o <strong>equivalente<\/strong>.<\/li>\n<li>El establecimiento en el que se realiza la compra estar\u00e1 ubicado en la ciudad de Val\u00e8ncia.<\/li>\n<li>Si una empresa tiene varios establecimientos comerciales repartidos por la ciudad, podr\u00e1 tener contratadas hasta un m\u00e1ximo de 12 personas trabajadoras en cada uno de los establecimientos a jornada completa o equivalente.<\/li>\n<li>Los establecimientos adheridos deber\u00e1n presentar un <strong>IAE obtenido con anterioridad al 1 de junio de 2025<\/strong>. Los establecimientos que hayan adquirido su IAE con posterioridad a esta fecha quedar\u00e1n excluidos de la campa\u00f1a.<\/li>\n<li>Los requisitos t\u00e9cnicos indispensables para la adhesi\u00f3n a la campa\u00f1a por parte de los establecimientos comerciales es la posesi\u00f3n de un tel\u00e9fono m\u00f3vil con conexi\u00f3n 4G u ordenador conectado a la red WiFi o internet ADSL. Adem\u00e1s, deber\u00e1 disponer de un dispositivo de cobro o TPV con banda para la lectura de las tarjetas, compatible con la tarjeta utilizada. Es decir, TPV que tienen un n\u00famero de comercio de 9 d\u00edgitos compatible con los sistemas de REDSYS.<\/li>\n<li>Disponer en el establecimiento comercial a la vista de los compradores de informaci\u00f3n relativa a la Campa\u00f1a Bonos al Comercio VLC, que ser\u00e1 facilitada por C\u00e1mara Val\u00e8ncia.<\/li>\n<\/ul>\n<p><strong>\u00a0<\/strong><\/p>\n<p><strong>C\u00d3MO ADHERIRSE A LOS BONO COMERCIO VLC 2025<\/strong><\/p>\n<p>La adhesi\u00f3n de los comercios a la campa\u00f1a se iniciar\u00e1 a partir del 1 de julio de 2025 y finalizar\u00e1 el 30 de septiembre de 2025. Este plazo podr\u00e1 aumentarse previo aviso en la p\u00e1gina web de la campa\u00f1a <a href=\"http:\/\/www.bonocomerciovlc.com\">www.bonocomerciovlc.com<\/a> y en la web del Ayuntamiento de Valencia <a href=\"http:\/\/www.valencia.es\">www.valencia.es<\/a>. En cualquier caso, los comercios que no realicen su adhesi\u00f3n en el plazo establecido podr\u00e1n sufrir una demora de 10 d\u00edas h\u00e1biles en la validaci\u00f3n de su FUC desde la fecha de su inscripci\u00f3n.<\/p>\n<p>Los comercios de proximidad participantes en la campa\u00f1a tendr\u00e1n que inscribirse a partir del formulario previamente habilitado en la p\u00e1gina web de la Campa\u00f1a de <strong>BONO COMERCIO VLC<\/strong> <a href=\"http:\/\/www.bonocomerciovlc.com\">www.bonocomerciovlc.com<\/a> o a trav\u00e9s de la aplicaci\u00f3n WhatsApp en el n\u00famero 650 068 931 y en el que deber\u00e1n detallar los datos del establecimiento beneficiario, que ser\u00e1n los siguientes:<\/p>\n<ul>\n<li>Nombre y apellidos de la persona titular y datos de contacto (tel\u00e9fono, email).<\/li>\n<li>Nombre Comercial.<\/li>\n<li>Raz\u00f3n social y CIF.<\/li>\n<li>Direcci\u00f3n del establecimiento.<\/li>\n<li>Tel\u00e9fono de contacto, email, redes sociales.<\/li>\n<li>N\u00ba de Comercio \/ FUC (n\u00famero de identificaci\u00f3n del comercio), el cual tiene m\u00e1ximo 9 posiciones y est\u00e1 indicado en el TPV.<\/li>\n<li>Aportaci\u00f3n de certificado expedido por la Agencia Tributaria relativo al ep\u00edgrafe del IAE comprendido entre las actividades indicadas en la Base 3, o documento que lo acredite.<\/li>\n<li>Aceptaci\u00f3n de las bases, como declaraci\u00f3n responsable de cumplimiento de los requisitos establecidos para participar en la campa\u00f1a.<\/li>\n<li>Logo del comercio.<\/li>\n<li>Asociaci\u00f3n de Comerciantes a la que se encuentra adherido.<\/li>\n<\/ul>\n<p>&nbsp;<\/p>\n<p>Una vez introducidos los datos, C\u00e1mara Val\u00e8ncia verificar\u00e1 la idoneidad del establecimiento para la participaci\u00f3n en la campa\u00f1a y en caso de cumplimiento de dichos requisitos se aceptar\u00e1 como beneficiario al establecimiento. En caso de que se deba subsanar alguno de los datos, recibir\u00e1 un mail con la informaci\u00f3n necesaria para proceder a dicha subsanaci\u00f3n, que deber\u00e1 ser contestado por el establecimiento antes de los tres d\u00edas desde su recepci\u00f3n.<\/p>\n<p>&nbsp;<\/p>\n<p><strong>INSTRUCCIONES PARA LA INSCRIPCI\u00d3N A BONO COMERCIO VLC 2025<\/strong><\/p>\n<ol>\n<li>Se deber\u00e1n rellenar todos los campos obligatorios que aparecen en el formulario de adhesi\u00f3n.<\/li>\n<li>El comerciante aportar\u00e1 el logo de su comercio y un enlace de la red social o de la web para que pueda ser visualizado por los potenciales clientes a trav\u00e9s de la web https:\/\/<a href=\"http:\/\/www.bonocomerciovlc.com\">bonocomerciovlc.com<\/a><\/li>\n<li>Se deber\u00e1 adjuntar el documento acreditativo del ep\u00edgrafe del IAE que est\u00e1 dado de alta el comercio participante.<\/li>\n<li>Los campos que queden por contemplar aparecer\u00e1n en rojo en la parte inferior de la pantalla.<\/li>\n<li>Para formar parte del programa, se deber\u00e1 aceptar la declaraci\u00f3n responsable y las condiciones que aparecen en la pantalla.<\/li>\n<li>Una vez realizados los pasos anteriores aparecer\u00e1 el bot\u00f3n de Enviar.<\/li>\n<li>En los pr\u00f3ximos d\u00edas, una vez verificado los requisitos, recibir\u00e1 un correo electr\u00f3nico de su adhesi\u00f3n o no a la campa\u00f1a.<\/li>\n<li>Los establecimientos adheridos figurar\u00e1n en el bot\u00f3n de \u201cEstablecimientos adheridos\u201d.<\/li>\n<li>Los negocios que dispongan de un \u00fanico CIF, pero cuenten con varios establecimientos que cumplan con los requisitos del <strong>BONO COMERCIO VLC<\/strong>, podr\u00e1n adherirse todos y cada uno de ellos de manera individual.<\/li>\n<\/ol>\n<p><strong>\u00a0<\/strong><\/p>\n<p><strong>CUANDO PODR\u00c1 UTILIZAR EL CLIENTE EL BONO COMERCIO VLC 2025<\/strong><\/p>\n<p>Cualquier cliente podr\u00e1 comprar con la tarjeta <strong>BONO COMERCIO VLC<\/strong> en un comercio adherido entre el 1 de octubre y el 30 de noviembre de 2025.<\/p>\n<p><strong>\u00a0<\/strong><\/p>\n<p><strong>\u00a0<\/strong><\/p>\n<p><strong>RESOLUCI\u00d3N DE CONSULTAS<\/strong><\/p>\n<p>En todo momento, con un horario comercial de <u>10:00 a 14:00h de lunes a viernes<\/u>, los comercios adheridos a la campa\u00f1a contar\u00e1n con un soporte t\u00e9cnico de C\u00e1mara Val\u00e8ncia a trav\u00e9s de atenci\u00f3n telef\u00f3nica 963 103 929, as\u00ed como del email <a href=\"mailto:bonocomerciovlc@camaravalencia.com\"><strong>bonocomerciovlc@camaravalencia.com<\/strong><\/a>, que les facilitar\u00e1 apoyo en materia de canje de BONOS, as\u00ed como cualquier otro requerimiento de ayuda que pueda precisar el establecimiento en el proceso de adhesi\u00f3n.<\/p>\n<table>\n<tbody>\n<tr>\n<td width=\"436\">\n<table width=\"100%\">\n<tbody>\n<tr>\n<td>\n<p>Atenci\u00f3n telef\u00f3nica de lunes a viernes de 10:00 a 14:00 horas<\/p>\n<p>\ud83d\udcde 963 103 929<\/p>\n<p>\ud83d\udce9 <a href=\"mailto:bonocomerciovlc@camaravalencia.com\">bonocomerciovlc@camaravalencia.com<\/a><\/p>\n<p>&nbsp;<\/td>\n<\/tr>\n<\/tbody>\n<\/table>\n<\/td>\n<\/tr>\n<\/tbody>\n<\/table>\n<p>&nbsp;<\/p>\n<p>&nbsp;[\/vc_column_text][\/vc_column][\/vc_row]<\/p>\n","protected":false},"excerpt":{"rendered":"<p>[vc_row][vc_column][vc_column_text] INFORMACI\u00d3 PER AL COMERCIANT [\/vc_column_text][\/vc_column][\/vc_row][vc_row el_class=&#8221;textos_pdf&#8221;][vc_column][vc_column_text]QU\u00c9 SON LOS BONO COMERCIO VLC 2025 La campa\u00f1a BONO COMERCIO VLC es una iniciativa del Ayuntamiento de Val\u00e8ncia, llevada a cabo en base a un convenio firmado con la C\u00e1mara de Comercio de Val\u00e8ncia, con el objetivo de fomentar la dinamizaci\u00f3n de la actividad econ\u00f3mica, muy especialmente del [&hellip;]<\/p>\n","protected":false},"author":4,"featured_media":0,"parent":0,"menu_order":0,"comment_status":"closed","ping_status":"closed","template":"","meta":{"footnotes":""},"class_list":["post-297","page","type-page","status-publish","hentry"],"yoast_head":"<!-- This site is optimized with the Yoast SEO plugin v19.7.1 - https:\/\/yoast.com\/wordpress\/plugins\/seo\/ -->\n<title>Informaci\u00f3 per al comerciant - Bo Comer\u00e7 ValenciaBo Comer\u00e7 Valencia<\/title>\n<meta name=\"robots\" content=\"index, follow, max-snippet:-1, max-image-preview:large, max-video-preview:-1\" \/>\n<link rel=\"canonical\" href=\"https:\/\/bonocomerciovlc.com\/informacion-para-el-comerciante\/\" \/>\n<meta property=\"og:locale\" content=\"en_US\" \/>\n<meta property=\"og:type\" content=\"article\" \/>\n<meta property=\"og:title\" content=\"Informaci\u00f3 per al comerciant - Bo Comer\u00e7 ValenciaBo Comer\u00e7 Valencia\" \/>\n<meta property=\"og:description\" content=\"[vc_row][vc_column][vc_column_text] INFORMACI\u00d3 PER AL COMERCIANT [\/vc_column_text][\/vc_column][\/vc_row][vc_row el_class=&#8221;textos_pdf&#8221;][vc_column][vc_column_text]QU\u00c9 SON LOS BONO COMERCIO VLC 2025 La campa\u00f1a BONO COMERCIO VLC es una iniciativa del Ayuntamiento de Val\u00e8ncia, llevada a cabo en base a un convenio firmado con la C\u00e1mara de Comercio de Val\u00e8ncia, con el objetivo de fomentar la dinamizaci\u00f3n de la actividad econ\u00f3mica, muy especialmente del [&hellip;]\" \/>\n<meta property=\"og:url\" content=\"https:\/\/bonocomerciovlc.com\/informacion-para-el-comerciante\/\" \/>\n<meta property=\"og:site_name\" content=\"Bo Comer\u00e7 ValenciaBo Comer\u00e7 Valencia\" \/>\n<meta property=\"article:modified_time\" content=\"2025-07-03T07:21:45+00:00\" \/>\n<meta name=\"twitter:card\" content=\"summary_large_image\" \/>\n<meta name=\"twitter:label1\" content=\"Est. reading time\" \/>\n\t<meta name=\"twitter:data1\" content=\"5 minutes\" \/>\n<script type=\"application\/ld+json\" class=\"yoast-schema-graph\">{\"@context\":\"https:\/\/schema.org\",\"@graph\":[{\"@type\":\"WebPage\",\"@id\":\"https:\/\/bonocomerciovlc.com\/informacion-para-el-comerciante\/\",\"url\":\"https:\/\/bonocomerciovlc.com\/informacion-para-el-comerciante\/\",\"name\":\"Informaci\u00f3 per al comerciant - Bo Comer\u00e7 ValenciaBo Comer\u00e7 Valencia\",\"isPartOf\":{\"@id\":\"https:\/\/bonocomerciovlc.com\/#website\"},\"datePublished\":\"2021-09-09T10:13:03+00:00\",\"dateModified\":\"2025-07-03T07:21:45+00:00\",\"breadcrumb\":{\"@id\":\"https:\/\/bonocomerciovlc.com\/informacion-para-el-comerciante\/#breadcrumb\"},\"inLanguage\":\"va\",\"potentialAction\":[{\"@type\":\"ReadAction\",\"target\":[\"https:\/\/bonocomerciovlc.com\/informacion-para-el-comerciante\/\"]}]},{\"@type\":\"BreadcrumbList\",\"@id\":\"https:\/\/bonocomerciovlc.com\/informacion-para-el-comerciante\/#breadcrumb\",\"itemListElement\":[{\"@type\":\"ListItem\",\"position\":1,\"name\":\"Portada\",\"item\":\"https:\/\/bonocomerciovlc.com\/va\/\"},{\"@type\":\"ListItem\",\"position\":2,\"name\":\"Informaci\u00f3 per al comerciant\"}]},{\"@type\":\"WebSite\",\"@id\":\"https:\/\/bonocomerciovlc.com\/#website\",\"url\":\"https:\/\/bonocomerciovlc.com\/\",\"name\":\"Bo Comer\u00e7 ValenciaBo Comer\u00e7 Valencia\",\"description\":\"Bo Comer\u00e7 Valencia\",\"potentialAction\":[{\"@type\":\"SearchAction\",\"target\":{\"@type\":\"EntryPoint\",\"urlTemplate\":\"https:\/\/bonocomerciovlc.com\/?s={search_term_string}\"},\"query-input\":\"required name=search_term_string\"}],\"inLanguage\":\"va\"}]}<\/script>\n<!-- \/ Yoast SEO plugin. -->","yoast_head_json":{"title":"Informaci\u00f3 per al comerciant - Bo Comer\u00e7 ValenciaBo Comer\u00e7 Valencia","robots":{"index":"index","follow":"follow","max-snippet":"max-snippet:-1","max-image-preview":"max-image-preview:large","max-video-preview":"max-video-preview:-1"},"canonical":"https:\/\/bonocomerciovlc.com\/informacion-para-el-comerciante\/","og_locale":"en_US","og_type":"article","og_title":"Informaci\u00f3 per al comerciant - Bo Comer\u00e7 ValenciaBo Comer\u00e7 Valencia","og_description":"[vc_row][vc_column][vc_column_text] INFORMACI\u00d3 PER AL COMERCIANT [\/vc_column_text][\/vc_column][\/vc_row][vc_row el_class=&#8221;textos_pdf&#8221;][vc_column][vc_column_text]QU\u00c9 SON LOS BONO COMERCIO VLC 2025 La campa\u00f1a BONO COMERCIO VLC es una iniciativa del Ayuntamiento de Val\u00e8ncia, llevada a cabo en base a un convenio firmado con la C\u00e1mara de Comercio de Val\u00e8ncia, con el objetivo de fomentar la dinamizaci\u00f3n de la actividad econ\u00f3mica, muy especialmente del [&hellip;]","og_url":"https:\/\/bonocomerciovlc.com\/informacion-para-el-comerciante\/","og_site_name":"Bo Comer\u00e7 ValenciaBo Comer\u00e7 Valencia","article_modified_time":"2025-07-03T07:21:45+00:00","twitter_card":"summary_large_image","twitter_misc":{"Est. reading time":"5 minutes"},"schema":{"@context":"https:\/\/schema.org","@graph":[{"@type":"WebPage","@id":"https:\/\/bonocomerciovlc.com\/informacion-para-el-comerciante\/","url":"https:\/\/bonocomerciovlc.com\/informacion-para-el-comerciante\/","name":"Informaci\u00f3 per al comerciant - Bo Comer\u00e7 ValenciaBo Comer\u00e7 Valencia","isPartOf":{"@id":"https:\/\/bonocomerciovlc.com\/#website"},"datePublished":"2021-09-09T10:13:03+00:00","dateModified":"2025-07-03T07:21:45+00:00","breadcrumb":{"@id":"https:\/\/bonocomerciovlc.com\/informacion-para-el-comerciante\/#breadcrumb"},"inLanguage":"va","potentialAction":[{"@type":"ReadAction","target":["https:\/\/bonocomerciovlc.com\/informacion-para-el-comerciante\/"]}]},{"@type":"BreadcrumbList","@id":"https:\/\/bonocomerciovlc.com\/informacion-para-el-comerciante\/#breadcrumb","itemListElement":[{"@type":"ListItem","position":1,"name":"Portada","item":"https:\/\/bonocomerciovlc.com\/va\/"},{"@type":"ListItem","position":2,"name":"Informaci\u00f3 per al comerciant"}]},{"@type":"WebSite","@id":"https:\/\/bonocomerciovlc.com\/#website","url":"https:\/\/bonocomerciovlc.com\/","name":"Bo Comer\u00e7 ValenciaBo Comer\u00e7 Valencia","description":"Bo Comer\u00e7 Valencia","potentialAction":[{"@type":"SearchAction","target":{"@type":"EntryPoint","urlTemplate":"https:\/\/bonocomerciovlc.com\/?s={search_term_string}"},"query-input":"required name=search_term_string"}],"inLanguage":"va"}]}},"_links":{"self":[{"href":"https:\/\/bonocomerciovlc.com\/va\/wp-json\/wp\/v2\/pages\/297","targetHints":{"allow":["GET"]}}],"collection":[{"href":"https:\/\/bonocomerciovlc.com\/va\/wp-json\/wp\/v2\/pages"}],"about":[{"href":"https:\/\/bonocomerciovlc.com\/va\/wp-json\/wp\/v2\/types\/page"}],"author":[{"embeddable":true,"href":"https:\/\/bonocomerciovlc.com\/va\/wp-json\/wp\/v2\/users\/4"}],"replies":[{"embeddable":true,"href":"https:\/\/bonocomerciovlc.com\/va\/wp-json\/wp\/v2\/comments?post=297"}],"version-history":[{"count":24,"href":"https:\/\/bonocomerciovlc.com\/va\/wp-json\/wp\/v2\/pages\/297\/revisions"}],"predecessor-version":[{"id":1413,"href":"https:\/\/bonocomerciovlc.com\/va\/wp-json\/wp\/v2\/pages\/297\/revisions\/1413"}],"wp:attachment":[{"href":"https:\/\/bonocomerciovlc.com\/va\/wp-json\/wp\/v2\/media?parent=297"}],"curies":[{"name":"wp","href":"https:\/\/api.w.org\/{rel}","templated":true}]}}