{"id":308,"date":"2021-09-09T10:19:36","date_gmt":"2021-09-09T10:19:36","guid":{"rendered":"https:\/\/bonosvalencia.atic.green\/?page_id=308"},"modified":"2025-09-08T15:34:20","modified_gmt":"2025-09-08T13:34:20","slug":"imformacio-per-als-clients","status":"publish","type":"page","link":"https:\/\/bonocomerciovlc.com\/va\/imformacio-per-als-clients\/","title":{"rendered":"Informaci\u00f3 per als clients"},"content":{"rendered":"<p>[vc_row][vc_column][vc_column_text]<\/p>\n<h1>M\u00c9S IMFORMACI\u00d3 PER ALS CLIENTS<\/h1>\n<p>[\/vc_column_text][\/vc_column][\/vc_row][vc_row el_class=&#8221;textos_pdf&#8221;][vc_column][vc_column_text]<strong>QU\u00c9 SON LOS BONO AL COMERCIO VLC 2025<\/strong><\/p>\n<p>La campa\u00f1a <strong>BONO COMERCIO VLC 2025<\/strong> es una iniciativa del Ayuntamiento de Val\u00e8ncia, llevada a cabo en base a un convenio firmado con la C\u00e1mara de Comercio de Val\u00e8ncia, con el objetivo de fomentar la dinamizaci\u00f3n de la actividad econ\u00f3mica, muy especialmente del comercio en la ciudad de Val\u00e8ncia, paralizada de forma importante por la crisis sanitaria producida por la pandemia del Covid 19.<\/p>\n<p>En la campa\u00f1a podr\u00e1n participar los comercios de la ciudad de Val\u00e8ncia que cumplan con los requisitos establecidos y se adhieran correctamente a trav\u00e9s de esta web. Por otro lado, podr\u00e1 adquirir el bono cualquier persona que lo desee y lo utilizar\u00e1 para la adquisici\u00f3n de bienes y\/o servicios en estos comercios.<\/p>\n<p>&nbsp;<\/p>\n<p><strong>D\u00d3NDE, C\u00d3MO Y CU\u00c1NDO ADQUIRIR EL BONO AL COMERCIO VLC 2025<\/strong><\/p>\n<p>Los BONOS podr\u00e1n ser adquiridos por cualquier ciudadano mayor de 16 a\u00f1os a trav\u00e9s de la web <a href=\"http:\/\/www.bonocomerciovlc.com\">www.bonocomerciovlc.com<\/a>. <strong>Los 21.838<\/strong> <strong>bonos ser\u00e1n sorteados entre los ciudadanos que hayan indicado expresamente su intenci\u00f3n en adquirir un bono y se hayan inscrito de forma correcta en la web de la campa\u00f1a.<\/strong><\/p>\n<p>Se podr\u00e1n inscribir todas las personas solicitantes que re\u00fanan los requisitos establecidos en estas Bases, sin que en ning\u00fan caso se supere el cr\u00e9dito autorizado en la convocatoria. <strong>Cada DNI\/NIE beneficiario, que s\u00f3lo podr\u00e1 ser vinculado a una direcci\u00f3n de mail, podr\u00e1 adquirir un m\u00e1ximo de un bono<\/strong>.<\/p>\n<p>El usuario dispondr\u00e1 desde el <strong>07 de julio a las 00:00 horas al 13 de julio a las 23:59 horas<\/strong> <strong>de 2025 <\/strong>para realizar su inscripci\u00f3n en la web de la campa\u00f1a y entrar en el sorteo, para lo que deber\u00e1 introducir los siguientes datos personales en la pesta\u00f1a QUIERO UN BONO.<\/p>\n<ul>\n<li>Nombre y apellidos.<\/li>\n<li>Tel\u00e9fono m\u00f3vil.<\/li>\n<li>Direcci\u00f3n postal.<\/li>\n<li>Correo electr\u00f3nico.<\/li>\n<li>Aceptaci\u00f3n de las Bases reguladoras para la adquisici\u00f3n de los BONOS.<\/li>\n<\/ul>\n<p>&nbsp;<\/p>\n<p>Cerrado el plazo de inscripci\u00f3n, se realizar\u00e1 un sorteo ante notario las semanas siguientes en el que se asignar\u00e1 aleatoriamente cada uno de los 21.838 bonos a otros tantos DNI\/NIE inscritos y se configurar\u00e1 una lista de espera con el resto de los solicitantes. Ambas listas podr\u00e1n ser consultadas en la web <a href=\"http:\/\/www.bonocomerciovlc.com\">www.bonocomerciovlc.com<\/a>.<\/p>\n<p>Los 21.838 compradores a los que le haya correspondido un bono, recibir\u00e1n a partir del 1 de septiembre en su correo electr\u00f3nico un c\u00f3digo de compra vinculado a su DNI\/NIE y un plazo cerrado de 72 horas desde el env\u00edo del email, para la adquisici\u00f3n efectiva del bono de forma online en la web del <strong>BONO COMERCIO VLC<\/strong> <strong>2025<\/strong>, <a href=\"http:\/\/www.bonocomerciovlc.com\">www.bonocomerciovlc.com<\/a>.<\/p>\n<p>Importante: revise tambi\u00e9n tu carpeta de spam o correo no deseado, ya que el aviso se enviar\u00e1 por correo electr\u00f3nico.<\/p>\n<p>Una vez asignado el bono, esta persona podr\u00e1 adquirirlo por 50\u20ac, el valor del cual ser\u00e1 de 100,00\u20ac, ascendiendo a un m\u00e1ximo de 50,00\u20ac de subvenci\u00f3n. Si en dicho plazo de 72 horas, el consumidor no realizara la compra online del bono a trav\u00e9s de la web, se entender\u00e1 que no est\u00e1 interesado y pasar\u00e1 a ofrecerse con las mismas condiciones a la lista de espera y as\u00ed sucesivamente hasta la venta del \u00faltimo bono.<\/p>\n<p>En el proceso de adquisici\u00f3n del bono a trav\u00e9s de la web, el consumidor podr\u00e1 seleccionar el punto de recogida y conocer a partir de qu\u00e9 fecha podr\u00e1 recoger el bono.\u00a0 En caso de que, por problemas t\u00e9cnicos imputables a la organizaci\u00f3n, dicho correo electr\u00f3nico no se llegara a recibir, el usuario podr\u00e1 obtener dicha informaci\u00f3n en la misma web en la forma establecida para ello. El bono podr\u00e1 ser recogido en la Oficina de Caixa Popular asignada hasta el 25 de noviembre de 2025, en el siguiente horario:<\/p>\n<table>\n<tbody>\n<tr>\n<td width=\"576\">\n<p>Lunes a jueves ma\u00f1anas de 9:00h a 14:00h y tardes de 15:30h a 17:00h<\/p>\n<p>Viernes de 9:00h a 14:00h<\/td>\n<\/tr>\n<\/tbody>\n<\/table>\n<p>&nbsp;<\/p>\n<p>El bono podr\u00e1 ser canjeado en compras iguales o inferiores a 100,00\u20ac en los establecimientos adheridos. Realizada la compra del bono, el mismo queda vinculado y se entender\u00e1 que es propiedad del titular de dicho DNI\/NIE, para cualquier gesti\u00f3n o transacci\u00f3n realizada con el mismo.<\/p>\n<p>Se reservar\u00e1 un cupo de <strong>400 bonos para su adquisici\u00f3n por las personas mayores de 65 a\u00f1os<\/strong>, quienes podr\u00e1n acudir f\u00edsicamente, <strong>hasta fin de existencias, entre el 1 y el 30 de septiembre de 2025<\/strong> a los servicios que C\u00e1mara Valencia (C\/ Poeta Querol, 15 \u2013 46002 Valencia) pone a su disposici\u00f3n en horario de 9:00 a 13:00 horas. En este caso, aportar\u00e1n una <strong>fotocopia de su DNI<\/strong> y la compra del bono no podr\u00e1 ser realizada por una tercera persona. <strong>No se admitir\u00e1 pago en met\u00e1lico, \u00fanicamente con tarjeta bancaria.<\/strong><\/p>\n<p>En caso de no agotarse los bonos destinados a las personas mayores de 65 a\u00f1os, se pondr\u00e1n a la venta en la misma C\u00e1mara el d\u00eda 1 de octubre de 2025 hasta fin de existencias.<\/p>\n<p>En ning\u00fan caso ser\u00e1 devuelto el pago de 50,00\u20ac por la renuncia de la persona compradora al bono ni por el hecho de no cumplir con los requisitos de las presentes bases reguladoras.<\/p>\n<p><strong>\u00a0<\/strong><\/p>\n<p><strong>C\u00d3MO CANJEAR EL BONO AL COMERCIO VLC 2025<\/strong><\/p>\n<p>El <strong>BONO AL COMERCIO VLC 2025<\/strong>, podr\u00e1 ser utilizado en un comercio adherido entre el <strong>1 de octubre y el 30 de noviembre de 2025<\/strong>, fecha en la que finaliza la campa\u00f1a promocional.<\/p>\n<p>El usuario que realice una compra en el comercio presentar\u00e1 su bono por valor de 100,00\u20ac para su canje. El establecimiento pasar\u00e1 el bono en formato de tarjeta bancaria prepago por el datafono. Si el importe de la compra en el establecimiento excediera del importe del bono adquirido, el cliente deber\u00e1 abonar el exceso mediante cualquier m\u00e9todo de pago admitido en el establecimiento.<\/p>\n<p>La utilizaci\u00f3n del bono ser\u00e1 compatible con cualquier tipo de descuento, oferta o rebaja disponible en el establecimiento comercial para el producto que se desea adquirir.<\/p>\n<p>Los productos que se adquieran a trav\u00e9s del BONO podr\u00e1n ser cambiados, si el establecimiento lo autoriza, por un producto de precio igual o superior (abonando la diferencia el\/la cliente\/a), pero en ning\u00fan caso se podr\u00e1 solicitar la devoluci\u00f3n del dinero. El comercio mostrar\u00e1 en lugar visible y accesible para el p\u00fablico, las condiciones de compra del <strong>BONO COMERCIO VLC 2025.<\/strong><\/p>\n<p>El BONO es de uso exclusivo en los comercios adheridos y no permitir\u00e1 la retirada de efectivo. El usuario podr\u00e1 consultar de forma gratuita el saldo en la web <a href=\"http:\/\/www.tutarjetaregalo.com\">www.tutarjetaregalo.com<\/a>, que ser\u00e1 actualizado diariamente por Caixa Popular. Este servicio no tendr\u00e1 coste adicional alguno.<\/p>\n<p>En ning\u00fan caso ser\u00e1 devuelto el pago de 50,00\u20ac por la renuncia de la persona compradora al bono, ni por el hecho de no cumplir con los requisitos de las bases reguladoras de la campa\u00f1a.<\/p>\n<p><strong>\u00a0<\/strong><\/p>\n<p><strong>HASTA CU\u00c1NDO CANJEAR EL BONO COMERCIO VLC 2025<\/strong><\/p>\n<p>La cantidad no canjeada en la tarjeta una vez pasado el 30 de noviembre de 2025, plazo de vigencia de la campa\u00f1a promocional <strong>BONO COMERCIO VLC 2025<\/strong>, ya no podr\u00e1 ser utilizada por la persona titular del bono comercio.<\/p>\n<p>El importe de los bonos adquiridos y no canjeados por las personas compradoras dentro del plazo establecido para ello, ser\u00e1 devuelto al Ayuntamiento de Valencia.<\/p>\n<p>Ni el Ayuntamiento de Valencia ni C\u00e1mara Valencia se responsabiliza del deterioro, p\u00e9rdida o sustracci\u00f3n del BONO COMERCIO VLC 2025, no siendo reembolsable en ning\u00fan caso.<\/p>\n<p>&nbsp;<\/p>\n<p>No se atender\u00e1n reclamaciones presentadas con posterioridad al 30 de noviembre de 2025.<\/p>\n<p>&nbsp;<\/p>\n<table>\n<tbody>\n<tr>\n<td width=\"576\">\n<p>Atenci\u00f3n telef\u00f3nica de lunes a viernes de 10:00 a 14:00 horas.<\/p>\n<p><strong>\ud83d\udcde<\/strong>\u00a0 963 103 929<\/p>\n<p><strong>\ud83d\udce9<\/strong> <a href=\"mailto:bonocomerciovlc@camaravalencia.com\">bonocomerciovlc@camaravalencia.com<\/a><\/td>\n<\/tr>\n<\/tbody>\n<\/table>\n<p>&nbsp;[\/vc_column_text][\/vc_column][\/vc_row]<\/p>\n","protected":false},"excerpt":{"rendered":"<p>[vc_row][vc_column][vc_column_text] M\u00c9S IMFORMACI\u00d3 PER ALS CLIENTS [\/vc_column_text][\/vc_column][\/vc_row][vc_row el_class=&#8221;textos_pdf&#8221;][vc_column][vc_column_text]QU\u00c9 SON LOS BONO AL COMERCIO VLC 2025 La campa\u00f1a BONO COMERCIO VLC 2025 es una iniciativa del Ayuntamiento de Val\u00e8ncia, llevada a cabo en base a un convenio firmado con la C\u00e1mara de Comercio de Val\u00e8ncia, con el objetivo de fomentar la dinamizaci\u00f3n de la actividad econ\u00f3mica, [&hellip;]<\/p>\n","protected":false},"author":4,"featured_media":0,"parent":0,"menu_order":0,"comment_status":"closed","ping_status":"closed","template":"","meta":{"footnotes":""},"class_list":["post-308","page","type-page","status-publish","hentry"],"yoast_head":"<!-- This site is optimized with the Yoast SEO plugin v19.7.1 - https:\/\/yoast.com\/wordpress\/plugins\/seo\/ -->\n<title>Informaci\u00f3 per als clients - Bo Comer\u00e7 ValenciaBo Comer\u00e7 Valencia<\/title>\n<meta name=\"robots\" content=\"index, follow, max-snippet:-1, max-image-preview:large, max-video-preview:-1\" \/>\n<link rel=\"canonical\" href=\"https:\/\/bonocomerciovlc.com\/informacion-para-los-clientes\/\" \/>\n<meta property=\"og:locale\" content=\"en_US\" \/>\n<meta property=\"og:type\" content=\"article\" \/>\n<meta property=\"og:title\" content=\"Informaci\u00f3 per als clients - Bo Comer\u00e7 ValenciaBo Comer\u00e7 Valencia\" \/>\n<meta property=\"og:description\" content=\"[vc_row][vc_column][vc_column_text] M\u00c9S IMFORMACI\u00d3 PER ALS CLIENTS [\/vc_column_text][\/vc_column][\/vc_row][vc_row el_class=&#8221;textos_pdf&#8221;][vc_column][vc_column_text]QU\u00c9 SON LOS BONO AL COMERCIO VLC 2025 La campa\u00f1a BONO COMERCIO VLC 2025 es una iniciativa del Ayuntamiento de Val\u00e8ncia, llevada a cabo en base a un convenio firmado con la C\u00e1mara de Comercio de Val\u00e8ncia, con el objetivo de fomentar la dinamizaci\u00f3n de la actividad econ\u00f3mica, [&hellip;]\" \/>\n<meta property=\"og:url\" content=\"https:\/\/bonocomerciovlc.com\/informacion-para-los-clientes\/\" \/>\n<meta property=\"og:site_name\" content=\"Bo Comer\u00e7 ValenciaBo Comer\u00e7 Valencia\" \/>\n<meta property=\"article:modified_time\" content=\"2025-09-08T13:34:20+00:00\" \/>\n<meta name=\"twitter:card\" content=\"summary_large_image\" \/>\n<meta name=\"twitter:label1\" content=\"Est. reading time\" \/>\n\t<meta name=\"twitter:data1\" content=\"5 minutes\" \/>\n<script type=\"application\/ld+json\" class=\"yoast-schema-graph\">{\"@context\":\"https:\/\/schema.org\",\"@graph\":[{\"@type\":\"WebPage\",\"@id\":\"https:\/\/bonocomerciovlc.com\/informacion-para-los-clientes\/\",\"url\":\"https:\/\/bonocomerciovlc.com\/informacion-para-los-clientes\/\",\"name\":\"Informaci\u00f3 per als clients - Bo Comer\u00e7 ValenciaBo Comer\u00e7 Valencia\",\"isPartOf\":{\"@id\":\"https:\/\/bonocomerciovlc.com\/#website\"},\"datePublished\":\"2021-09-09T10:19:36+00:00\",\"dateModified\":\"2025-09-08T13:34:20+00:00\",\"breadcrumb\":{\"@id\":\"https:\/\/bonocomerciovlc.com\/informacion-para-los-clientes\/#breadcrumb\"},\"inLanguage\":\"va\",\"potentialAction\":[{\"@type\":\"ReadAction\",\"target\":[\"https:\/\/bonocomerciovlc.com\/informacion-para-los-clientes\/\"]}]},{\"@type\":\"BreadcrumbList\",\"@id\":\"https:\/\/bonocomerciovlc.com\/informacion-para-los-clientes\/#breadcrumb\",\"itemListElement\":[{\"@type\":\"ListItem\",\"position\":1,\"name\":\"Portada\",\"item\":\"https:\/\/bonocomerciovlc.com\/va\/\"},{\"@type\":\"ListItem\",\"position\":2,\"name\":\"Informaci\u00f3 per als clients\"}]},{\"@type\":\"WebSite\",\"@id\":\"https:\/\/bonocomerciovlc.com\/#website\",\"url\":\"https:\/\/bonocomerciovlc.com\/\",\"name\":\"Bo Comer\u00e7 ValenciaBo Comer\u00e7 Valencia\",\"description\":\"Bo Comer\u00e7 Valencia\",\"potentialAction\":[{\"@type\":\"SearchAction\",\"target\":{\"@type\":\"EntryPoint\",\"urlTemplate\":\"https:\/\/bonocomerciovlc.com\/?s={search_term_string}\"},\"query-input\":\"required name=search_term_string\"}],\"inLanguage\":\"va\"}]}<\/script>\n<!-- \/ Yoast SEO plugin. -->","yoast_head_json":{"title":"Informaci\u00f3 per als clients - Bo Comer\u00e7 ValenciaBo Comer\u00e7 Valencia","robots":{"index":"index","follow":"follow","max-snippet":"max-snippet:-1","max-image-preview":"max-image-preview:large","max-video-preview":"max-video-preview:-1"},"canonical":"https:\/\/bonocomerciovlc.com\/informacion-para-los-clientes\/","og_locale":"en_US","og_type":"article","og_title":"Informaci\u00f3 per als clients - Bo Comer\u00e7 ValenciaBo Comer\u00e7 Valencia","og_description":"[vc_row][vc_column][vc_column_text] M\u00c9S IMFORMACI\u00d3 PER ALS CLIENTS [\/vc_column_text][\/vc_column][\/vc_row][vc_row el_class=&#8221;textos_pdf&#8221;][vc_column][vc_column_text]QU\u00c9 SON LOS BONO AL COMERCIO VLC 2025 La campa\u00f1a BONO COMERCIO VLC 2025 es una iniciativa del Ayuntamiento de Val\u00e8ncia, llevada a cabo en base a un convenio firmado con la C\u00e1mara de Comercio de Val\u00e8ncia, con el objetivo de fomentar la dinamizaci\u00f3n de la actividad econ\u00f3mica, [&hellip;]","og_url":"https:\/\/bonocomerciovlc.com\/informacion-para-los-clientes\/","og_site_name":"Bo Comer\u00e7 ValenciaBo Comer\u00e7 Valencia","article_modified_time":"2025-09-08T13:34:20+00:00","twitter_card":"summary_large_image","twitter_misc":{"Est. reading time":"5 minutes"},"schema":{"@context":"https:\/\/schema.org","@graph":[{"@type":"WebPage","@id":"https:\/\/bonocomerciovlc.com\/informacion-para-los-clientes\/","url":"https:\/\/bonocomerciovlc.com\/informacion-para-los-clientes\/","name":"Informaci\u00f3 per als clients - Bo Comer\u00e7 ValenciaBo Comer\u00e7 Valencia","isPartOf":{"@id":"https:\/\/bonocomerciovlc.com\/#website"},"datePublished":"2021-09-09T10:19:36+00:00","dateModified":"2025-09-08T13:34:20+00:00","breadcrumb":{"@id":"https:\/\/bonocomerciovlc.com\/informacion-para-los-clientes\/#breadcrumb"},"inLanguage":"va","potentialAction":[{"@type":"ReadAction","target":["https:\/\/bonocomerciovlc.com\/informacion-para-los-clientes\/"]}]},{"@type":"BreadcrumbList","@id":"https:\/\/bonocomerciovlc.com\/informacion-para-los-clientes\/#breadcrumb","itemListElement":[{"@type":"ListItem","position":1,"name":"Portada","item":"https:\/\/bonocomerciovlc.com\/va\/"},{"@type":"ListItem","position":2,"name":"Informaci\u00f3 per als clients"}]},{"@type":"WebSite","@id":"https:\/\/bonocomerciovlc.com\/#website","url":"https:\/\/bonocomerciovlc.com\/","name":"Bo Comer\u00e7 ValenciaBo Comer\u00e7 Valencia","description":"Bo Comer\u00e7 Valencia","potentialAction":[{"@type":"SearchAction","target":{"@type":"EntryPoint","urlTemplate":"https:\/\/bonocomerciovlc.com\/?s={search_term_string}"},"query-input":"required name=search_term_string"}],"inLanguage":"va"}]}},"_links":{"self":[{"href":"https:\/\/bonocomerciovlc.com\/va\/wp-json\/wp\/v2\/pages\/308","targetHints":{"allow":["GET"]}}],"collection":[{"href":"https:\/\/bonocomerciovlc.com\/va\/wp-json\/wp\/v2\/pages"}],"about":[{"href":"https:\/\/bonocomerciovlc.com\/va\/wp-json\/wp\/v2\/types\/page"}],"author":[{"embeddable":true,"href":"https:\/\/bonocomerciovlc.com\/va\/wp-json\/wp\/v2\/users\/4"}],"replies":[{"embeddable":true,"href":"https:\/\/bonocomerciovlc.com\/va\/wp-json\/wp\/v2\/comments?post=308"}],"version-history":[{"count":34,"href":"https:\/\/bonocomerciovlc.com\/va\/wp-json\/wp\/v2\/pages\/308\/revisions"}],"predecessor-version":[{"id":1495,"href":"https:\/\/bonocomerciovlc.com\/va\/wp-json\/wp\/v2\/pages\/308\/revisions\/1495"}],"wp:attachment":[{"href":"https:\/\/bonocomerciovlc.com\/va\/wp-json\/wp\/v2\/media?parent=308"}],"curies":[{"name":"wp","href":"https:\/\/api.w.org\/{rel}","templated":true}]}}